{"id":11030,"date":"2024-06-13T15:16:07","date_gmt":"2024-06-13T13:16:07","guid":{"rendered":"https:\/\/www.paysdegrassetourisme.fr\/?page_id=11030"},"modified":"2025-01-17T15:22:45","modified_gmt":"2025-01-17T14:22:45","slug":"hiking","status":"publish","type":"page","link":"https:\/\/www.paysdegrassetourisme.fr\/en\/imagine-your-stay\/hiking\/","title":{"rendered":"Hiking"},"content":{"rendered":"","protected":false},"excerpt":{"rendered":"","protected":false},"author":4,"featured_media":9069,"parent":11010,"menu_order":0,"comment_status":"closed","ping_status":"closed","template":"","meta":{"_acf_changed":false,"footnotes":""},"class_list":["post-11030","page","type-page","status-publish","has-post-thumbnail","hentry"],"acf":{"contenu":[{"ligne":[{"col":"1","container":"normal","display_on":"any","background":"white","alignment":true,"blocs":[{"acf_fc_layout":"project-custom-video","title":"","video_type":false,"video_youtube":"https:\/\/www.youtube.com\/watch?v=6Ki8Ym8wuK8","video_media":3889}]}]},{"ligne":[{"col":"1","container":"normal","display_on":"any","background":"white","alignment":true,"blocs":[{"acf_fc_layout":"project-custom-texte","texte":"<p style=\"text-align: center;\">Pays de Grasse, an ideal destination for hiking enthusiasts!<\/p>\n<p style=\"text-align: center;\">Nestled between sea and mountains, this area offers a variety of trails through breathtaking Provencal landscapes.<\/p>\n<p style=\"text-align: center;\">Whether you&#8217;re looking for a leisurely stroll or a more challenging hike, the Pays de Grasse offers exceptional panoramas, from fragrant hills and oak forests to breathtaking views of the Mediterranean.<\/p>\n"}]}]},{"ligne":[{"col":"1","container":"normal","display_on":"any","background":"white","alignment":true,"blocs":[{"acf_fc_layout":"project-custom-texte","texte":""}]}]},{"ligne":[{"col":"1","container":"full","display_on":"any","background":"white","alignment":true,"blocs":[{"acf_fc_layout":"project-custom-bandeau","image":4514,"title":"Push Your Limits","title_police":true,"text":"<p style=\"text-align: center;\">Pays de Grasse offers a wide range of outdoor activities, from accrobranche and paragliding to canyoning and mountain biking, for adventurous moments with friends or family.<\/p>\n<p style=\"text-align: center;\">In winter, the resorts of Gr\u00e9oli\u00e8res-les-Neiges and Audibergue offer skiing with exceptional views of the C\u00f4te d&#8217;Azur, the L\u00e9rins islands and the Alps, at over 1650 m altitude.<\/p>\n<p style=\"text-align: center;\"><a class=\"btn btn-2\" href=\"https:\/\/www.paysdegrassetourisme.fr\/imaginons-votre-sejour\/se-defouler\/\" rel=\"noopener\">FIND OUT MORE<\/a><\/p>\n<p>&nbsp;<\/p>\n"}]}]}],"image_en_header":9069,"backoffice_post_title":"The essentials - Hiking","hide_h1":true,"picto":1930},"yoast_head":"<!-- This site is optimized with the Yoast SEO plugin v27.1.1 - https:\/\/yoast.com\/product\/yoast-seo-wordpress\/ -->\n<title>Hiking - Pays de Grasse Tourisme<\/title>\n<meta name=\"description\" content=\"Set off on an adventure... or just a stroll! Explore trails, panoramas and biodiversity for a total immersion in the heart of our unspoilt region.\" \/>\n<meta name=\"robots\" content=\"index, follow, max-snippet:-1, max-image-preview:large, max-video-preview:-1\" \/>\n<link rel=\"canonical\" href=\"https:\/\/www.paysdegrassetourisme.fr\/en\/imagine-your-stay\/hiking\/\" \/>\n<meta property=\"og:locale\" content=\"en_US\" \/>\n<meta property=\"og:type\" content=\"article\" \/>\n<meta property=\"og:title\" content=\"Hiking - Pays de Grasse Tourisme\" \/>\n<meta property=\"og:description\" content=\"Set off on an adventure... or just a stroll! Explore trails, panoramas and biodiversity for a total immersion in the heart of our unspoilt region.\" \/>\n<meta property=\"og:url\" content=\"https:\/\/www.paysdegrassetourisme.fr\/en\/imagine-your-stay\/hiking\/\" \/>\n<meta property=\"og:site_name\" content=\"Pays de Grasse Tourisme\" \/>\n<meta property=\"article:modified_time\" content=\"2025-01-17T14:22:45+00:00\" \/>\n<meta property=\"og:image\" content=\"https:\/\/www.paysdegrassetourisme.fr\/wp-content\/uploads\/2024\/10\/Escragnolles4-1-scaled.jpg\" \/>\n\t<meta property=\"og:image:width\" content=\"2560\" \/>\n\t<meta property=\"og:image:height\" content=\"1705\" \/>\n\t<meta property=\"og:image:type\" content=\"image\/jpeg\" \/>\n<meta name=\"twitter:card\" content=\"summary_large_image\" \/>\n<meta name=\"twitter:label1\" content=\"Est. reading time\" \/>\n\t<meta name=\"twitter:data1\" content=\"1 minute\" \/>\n<script type=\"application\/ld+json\" class=\"yoast-schema-graph\">{\"@context\":\"https:\/\/schema.org\",\"@graph\":[{\"@type\":\"WebPage\",\"@id\":\"https:\/\/www.paysdegrassetourisme.fr\/en\/imagine-your-stay\/hiking\/\",\"url\":\"https:\/\/www.paysdegrassetourisme.fr\/en\/imagine-your-stay\/hiking\/\",\"name\":\"Hiking - Pays de Grasse Tourisme\",\"isPartOf\":{\"@id\":\"https:\/\/paysdegrassetourisme.fr\/#website\"},\"primaryImageOfPage\":{\"@id\":\"https:\/\/www.paysdegrassetourisme.fr\/en\/imagine-your-stay\/hiking\/#primaryimage\"},\"image\":{\"@id\":\"https:\/\/www.paysdegrassetourisme.fr\/en\/imagine-your-stay\/hiking\/#primaryimage\"},\"thumbnailUrl\":\"https:\/\/www.paysdegrassetourisme.fr\/wp-content\/uploads\/2024\/10\/Escragnolles4-1-scaled.jpg\",\"datePublished\":\"2024-06-13T13:16:07+00:00\",\"dateModified\":\"2025-01-17T14:22:45+00:00\",\"description\":\"Set off on an adventure... or just a stroll! Explore trails, panoramas and biodiversity for a total immersion in the heart of our unspoilt region.\",\"breadcrumb\":{\"@id\":\"https:\/\/www.paysdegrassetourisme.fr\/en\/imagine-your-stay\/hiking\/#breadcrumb\"},\"inLanguage\":\"en-US\",\"potentialAction\":[{\"@type\":\"ReadAction\",\"target\":[\"https:\/\/www.paysdegrassetourisme.fr\/en\/imagine-your-stay\/hiking\/\"]}]},{\"@type\":\"ImageObject\",\"inLanguage\":\"en-US\",\"@id\":\"https:\/\/www.paysdegrassetourisme.fr\/en\/imagine-your-stay\/hiking\/#primaryimage\",\"url\":\"https:\/\/www.paysdegrassetourisme.fr\/wp-content\/uploads\/2024\/10\/Escragnolles4-1-scaled.jpg\",\"contentUrl\":\"https:\/\/www.paysdegrassetourisme.fr\/wp-content\/uploads\/2024\/10\/Escragnolles4-1-scaled.jpg\",\"width\":2560,\"height\":1705},{\"@type\":\"BreadcrumbList\",\"@id\":\"https:\/\/www.paysdegrassetourisme.fr\/en\/imagine-your-stay\/hiking\/#breadcrumb\",\"itemListElement\":[{\"@type\":\"ListItem\",\"position\":1,\"name\":\"Accueil\",\"item\":\"https:\/\/www.paysdegrassetourisme.fr\/en\/\"},{\"@type\":\"ListItem\",\"position\":2,\"name\":\"Imagine your stay\",\"item\":\"https:\/\/www.paysdegrassetourisme.fr\/en\/imagine-your-stay\/\"},{\"@type\":\"ListItem\",\"position\":3,\"name\":\"Hiking\"}]},{\"@type\":\"WebSite\",\"@id\":\"https:\/\/paysdegrassetourisme.fr\/#website\",\"url\":\"https:\/\/paysdegrassetourisme.fr\/\",\"name\":\"Pays de Grasse Tourisme\",\"description\":\"\",\"publisher\":{\"@id\":\"https:\/\/paysdegrassetourisme.fr\/#organization\"},\"potentialAction\":[{\"@type\":\"SearchAction\",\"target\":{\"@type\":\"EntryPoint\",\"urlTemplate\":\"https:\/\/paysdegrassetourisme.fr\/?s={search_term_string}\"},\"query-input\":{\"@type\":\"PropertyValueSpecification\",\"valueRequired\":true,\"valueName\":\"search_term_string\"}}],\"inLanguage\":\"en-US\"},{\"@type\":\"Organization\",\"@id\":\"https:\/\/paysdegrassetourisme.fr\/#organization\",\"name\":\"Pays de Grasse Tourisme\",\"url\":\"https:\/\/paysdegrassetourisme.fr\/\",\"logo\":{\"@type\":\"ImageObject\",\"inLanguage\":\"en-US\",\"@id\":\"https:\/\/paysdegrassetourisme.fr\/#\/schema\/logo\/image\/\",\"url\":\"https:\/\/www.paysdegrassetourisme.fr\/wp-content\/uploads\/2024\/05\/favicon.png\",\"contentUrl\":\"https:\/\/www.paysdegrassetourisme.fr\/wp-content\/uploads\/2024\/05\/favicon.png\",\"width\":512,\"height\":512,\"caption\":\"Pays de Grasse Tourisme\"},\"image\":{\"@id\":\"https:\/\/paysdegrassetourisme.fr\/#\/schema\/logo\/image\/\"}}]}<\/script>\n<!-- \/ Yoast SEO plugin. -->","yoast_head_json":{"title":"Hiking - Pays de Grasse Tourisme","description":"Set off on an adventure... or just a stroll! Explore trails, panoramas and biodiversity for a total immersion in the heart of our unspoilt region.","robots":{"index":"index","follow":"follow","max-snippet":"max-snippet:-1","max-image-preview":"max-image-preview:large","max-video-preview":"max-video-preview:-1"},"canonical":"https:\/\/www.paysdegrassetourisme.fr\/en\/imagine-your-stay\/hiking\/","og_locale":"en_US","og_type":"article","og_title":"Hiking - Pays de Grasse Tourisme","og_description":"Set off on an adventure... or just a stroll! Explore trails, panoramas and biodiversity for a total immersion in the heart of our unspoilt region.","og_url":"https:\/\/www.paysdegrassetourisme.fr\/en\/imagine-your-stay\/hiking\/","og_site_name":"Pays de Grasse Tourisme","article_modified_time":"2025-01-17T14:22:45+00:00","og_image":[{"width":2560,"height":1705,"url":"https:\/\/www.paysdegrassetourisme.fr\/wp-content\/uploads\/2024\/10\/Escragnolles4-1-scaled.jpg","type":"image\/jpeg"}],"twitter_card":"summary_large_image","twitter_misc":{"Est. reading time":"1 minute"},"schema":{"@context":"https:\/\/schema.org","@graph":[{"@type":"WebPage","@id":"https:\/\/www.paysdegrassetourisme.fr\/en\/imagine-your-stay\/hiking\/","url":"https:\/\/www.paysdegrassetourisme.fr\/en\/imagine-your-stay\/hiking\/","name":"Hiking - Pays de Grasse Tourisme","isPartOf":{"@id":"https:\/\/paysdegrassetourisme.fr\/#website"},"primaryImageOfPage":{"@id":"https:\/\/www.paysdegrassetourisme.fr\/en\/imagine-your-stay\/hiking\/#primaryimage"},"image":{"@id":"https:\/\/www.paysdegrassetourisme.fr\/en\/imagine-your-stay\/hiking\/#primaryimage"},"thumbnailUrl":"https:\/\/www.paysdegrassetourisme.fr\/wp-content\/uploads\/2024\/10\/Escragnolles4-1-scaled.jpg","datePublished":"2024-06-13T13:16:07+00:00","dateModified":"2025-01-17T14:22:45+00:00","description":"Set off on an adventure... or just a stroll! Explore trails, panoramas and biodiversity for a total immersion in the heart of our unspoilt region.","breadcrumb":{"@id":"https:\/\/www.paysdegrassetourisme.fr\/en\/imagine-your-stay\/hiking\/#breadcrumb"},"inLanguage":"en-US","potentialAction":[{"@type":"ReadAction","target":["https:\/\/www.paysdegrassetourisme.fr\/en\/imagine-your-stay\/hiking\/"]}]},{"@type":"ImageObject","inLanguage":"en-US","@id":"https:\/\/www.paysdegrassetourisme.fr\/en\/imagine-your-stay\/hiking\/#primaryimage","url":"https:\/\/www.paysdegrassetourisme.fr\/wp-content\/uploads\/2024\/10\/Escragnolles4-1-scaled.jpg","contentUrl":"https:\/\/www.paysdegrassetourisme.fr\/wp-content\/uploads\/2024\/10\/Escragnolles4-1-scaled.jpg","width":2560,"height":1705},{"@type":"BreadcrumbList","@id":"https:\/\/www.paysdegrassetourisme.fr\/en\/imagine-your-stay\/hiking\/#breadcrumb","itemListElement":[{"@type":"ListItem","position":1,"name":"Accueil","item":"https:\/\/www.paysdegrassetourisme.fr\/en\/"},{"@type":"ListItem","position":2,"name":"Imagine your stay","item":"https:\/\/www.paysdegrassetourisme.fr\/en\/imagine-your-stay\/"},{"@type":"ListItem","position":3,"name":"Hiking"}]},{"@type":"WebSite","@id":"https:\/\/paysdegrassetourisme.fr\/#website","url":"https:\/\/paysdegrassetourisme.fr\/","name":"Pays de Grasse Tourisme","description":"","publisher":{"@id":"https:\/\/paysdegrassetourisme.fr\/#organization"},"potentialAction":[{"@type":"SearchAction","target":{"@type":"EntryPoint","urlTemplate":"https:\/\/paysdegrassetourisme.fr\/?s={search_term_string}"},"query-input":{"@type":"PropertyValueSpecification","valueRequired":true,"valueName":"search_term_string"}}],"inLanguage":"en-US"},{"@type":"Organization","@id":"https:\/\/paysdegrassetourisme.fr\/#organization","name":"Pays de Grasse Tourisme","url":"https:\/\/paysdegrassetourisme.fr\/","logo":{"@type":"ImageObject","inLanguage":"en-US","@id":"https:\/\/paysdegrassetourisme.fr\/#\/schema\/logo\/image\/","url":"https:\/\/www.paysdegrassetourisme.fr\/wp-content\/uploads\/2024\/05\/favicon.png","contentUrl":"https:\/\/www.paysdegrassetourisme.fr\/wp-content\/uploads\/2024\/05\/favicon.png","width":512,"height":512,"caption":"Pays de Grasse Tourisme"},"image":{"@id":"https:\/\/paysdegrassetourisme.fr\/#\/schema\/logo\/image\/"}}]}},"_links":{"self":[{"href":"https:\/\/www.paysdegrassetourisme.fr\/en\/wp-json\/wp\/v2\/pages\/11030","targetHints":{"allow":["GET"]}}],"collection":[{"href":"https:\/\/www.paysdegrassetourisme.fr\/en\/wp-json\/wp\/v2\/pages"}],"about":[{"href":"https:\/\/www.paysdegrassetourisme.fr\/en\/wp-json\/wp\/v2\/types\/page"}],"author":[{"embeddable":true,"href":"https:\/\/www.paysdegrassetourisme.fr\/en\/wp-json\/wp\/v2\/users\/4"}],"replies":[{"embeddable":true,"href":"https:\/\/www.paysdegrassetourisme.fr\/en\/wp-json\/wp\/v2\/comments?post=11030"}],"version-history":[{"count":5,"href":"https:\/\/www.paysdegrassetourisme.fr\/en\/wp-json\/wp\/v2\/pages\/11030\/revisions"}],"predecessor-version":[{"id":11250,"href":"https:\/\/www.paysdegrassetourisme.fr\/en\/wp-json\/wp\/v2\/pages\/11030\/revisions\/11250"}],"up":[{"embeddable":true,"href":"https:\/\/www.paysdegrassetourisme.fr\/en\/wp-json\/wp\/v2\/pages\/11010"}],"wp:featuredmedia":[{"embeddable":true,"href":"https:\/\/www.paysdegrassetourisme.fr\/en\/wp-json\/wp\/v2\/media\/9069"}],"wp:attachment":[{"href":"https:\/\/www.paysdegrassetourisme.fr\/en\/wp-json\/wp\/v2\/media?parent=11030"}],"curies":[{"name":"wp","href":"https:\/\/api.w.org\/{rel}","templated":true}]}}