{"id":11103,"date":"2024-09-30T11:30:47","date_gmt":"2024-09-30T09:30:47","guid":{"rendered":"https:\/\/www.paysdegrassetourisme.fr\/?page_id=11103"},"modified":"2025-01-30T13:06:09","modified_gmt":"2025-01-30T12:06:09","slug":"grasse","status":"publish","type":"page","link":"https:\/\/www.paysdegrassetourisme.fr\/en\/imagine-your-stay\/provencal-villages\/grasse\/","title":{"rendered":"Grasse"},"content":{"rendered":"","protected":false},"excerpt":{"rendered":"","protected":false},"author":4,"featured_media":2710,"parent":11025,"menu_order":0,"comment_status":"closed","ping_status":"closed","template":"","meta":{"_acf_changed":false,"footnotes":""},"class_list":["post-11103","page","type-page","status-publish","has-post-thumbnail","hentry"],"acf":{"contenu":[{"ligne":[{"col":"2","container":"normal","display_on":"any","background":"pink","alignment":true,"blocs":[{"acf_fc_layout":"project-custom-texte","texte":"<h1 style=\"text-align: center;\">Grasse<\/h1>\n<p style=\"text-align: center;\">World capital of perfumes, 11th century city, one of the most beautiful balconies on the Mediterranean where the art of the essentials is cultivated.<\/p>\n<p style=\"text-align: center;\">Cathedral and episcopal palace of the 13th century, mansions of the 17th and 18th centuries, alleys and fountains, breathtaking panoramas: Grasse surprises and fascinates, discovers and seduces itself.<\/p>\n<p style=\"text-align: center;\">And if you want to enter the mysterious world of perfume, a stopover is essential in Grasse with a visit to the International Perfumery Museum to discover the world history of perfume.<\/p>\n<p style=\"text-align: center;\">Continue this fabulous journey by introducing yourself to this art by creating your own perfume in one of our perfumeries.<\/p>\n"},{"acf_fc_layout":"project-custom-image","image":4404,"nocrop":false}]}]},{"ligne":[{"col":"2","container":"normal","display_on":"any","background":"blue","alignment":true,"blocs":[{"acf_fc_layout":"project-custom-image","image":4376,"nocrop":false},{"acf_fc_layout":"project-custom-texte","texte":"<h2 style=\"text-align: center;\">The essentials<\/h2>\n<p style=\"text-align: center;\">Immerse yourself in the intoxicating world of Grasse, the city of perfume, and let yourself be seduced by its gardens, museums and exceptional know-how that will awaken all your senses.<\/p>\n<p style=\"text-align: center;\"><a class=\"btn btn-1\" href=\"https:\/\/www.paysdegrassetourisme.fr\/imaginons-votre-sejour\/visiter-grasse\/\">FIND OUT MORE<\/a><\/p>\n<p style=\"text-align: center;\">\n"}]}]},{"ligne":[{"col":"1","container":"normal","display_on":"any","background":"white","alignment":true,"blocs":[{"acf_fc_layout":"project-custom-slider","title":"Photo Gallery","background_text":"Cabris","images":[7047,7060,7064,7069,7073,7077,7097,7105,7125,7134,7138,7142,7146,7154,7202,7211,7215,7227,7239,7248,7252,7256,7260,7264,7272,7276,7280,7297,7305,7313,7317,7334,7338,7342,7346,7350,7362,7370,7374,7386,7390,7398,7402,7406,7410,7418,7439,7443,7447,7477,7494,7511,7519,7536,7540,7544,7553,7569,7573,4384,4380,3021,4412,4440,4444]}]}]},{"ligne":[{"col":"1","container":"normal","display_on":"any","background":"white","alignment":true,"blocs":[{"acf_fc_layout":"project-custom-texte","texte":"<h2 style=\"text-align: center;\">Practical information<\/h2>\n"}]}]},{"ligne":[{"col":"3","container":"normal","display_on":"any","background":"white","alignment":true,"blocs":[{"acf_fc_layout":"project-custom-texte","texte":"<h3 style=\"text-align: center;\">Activities &amp; places of visits<\/h3>\n<p style=\"text-align: center;\">\u00a0Guided tours of the historic center<\/p>\n<p style=\"text-align: center;\">Notre-Dame-du-Puy Cathedral<\/p>\n<p style=\"text-align: center;\">Perfumeries<\/p>\n<p style=\"text-align: center;\">Mus\u00e9e International de la Parfumerie<\/p>\n<p style=\"text-align: center;\">Artisanal chocolate shop &#8220;Maison Duplanteur&#8221;<\/p>\n<p style=\"text-align: center;\">The little train<\/p>\n<p style=\"text-align: center;\">Mus\u00e9e du Proven\u00e7al du Costume &amp; du Bijou<\/p>\n<p style=\"text-align: center;\">Mus\u00e9e d\u2019Art &amp; d\u2019Histoire de Provence<\/p>\n<p style=\"text-align: center;\">Villa-Mus\u00e9e Fragonard<\/p>\n<p style=\"text-align: center;\">Mus\u00e9e de la Marine &#8211; Amiral de Grasse<\/p>\n<p style=\"text-align: center;\">Mus\u00e9e Fragonard H\u00e9l\u00e8ne &amp; Jean-Fran\u00e7ois Costa<\/p>\n<p style=\"text-align: center;\">Hikes<\/p>\n<p style=\"text-align: center;\">Golf<\/p>\n<p style=\"text-align: center;\">Tree climbing course<\/p>\n"},{"acf_fc_layout":"project-custom-texte","texte":"<h3 style=\"text-align: center;\">Annual appointments<\/h3>\n<p style=\"text-align: center;\">April<br \/>\nRallye automobile &#8220;Fleurs &amp; Parfums&#8221;<\/p>\n<p style=\"text-align: center;\">May<br \/>\nExpo Rose &#8211; F\u00eate de la Centifolia<\/p>\n<p style=\"text-align: center;\">July<br \/>\nFl\u00e2neries nocturnes<br \/>\nInstants de Grasse<\/p>\n<p style=\"text-align: center;\">August<br \/>\nF\u00eate du Jasmin<br \/>\nMondial parfum\u00e9 de boules carr\u00e9es<\/p>\n<p style=\"text-align: center;\">September<br \/>\nF\u00eate de la bi\u00e8re<br \/>\nF\u00eate des vendanges libres<\/p>\n"},{"acf_fc_layout":"project-custom-texte","texte":"<h3 style=\"text-align: center;\">Market<\/h3>\n<p style=\"text-align: center;\">Wednesday<br \/>\nCours Honor\u00e9 Cresp<br \/>\nFood &amp; clothing<\/p>\n<p style=\"text-align: center;\">Saturday<br \/>\nPlace aux aires<br \/>\nFood &amp; clothing<\/p>\n"}]}]}],"backoffice_post_title":"Provencal Village - Grasse","picto":false,"image_en_header":2710,"hide_h1":true},"yoast_head":"<!-- This site is optimized with the Yoast SEO plugin v27.1.1 - https:\/\/yoast.com\/product\/yoast-seo-wordpress\/ -->\n<title>Grasse - Pays de Grasse Tourisme<\/title>\n<meta name=\"description\" content=\"World capital of perfume, one of the most beautiful balconies on the Mediterranean, Grasse is a must on the C\u00f4te d&#039;Azur\" \/>\n<meta name=\"robots\" content=\"index, follow, max-snippet:-1, max-image-preview:large, max-video-preview:-1\" \/>\n<link rel=\"canonical\" href=\"https:\/\/www.paysdegrassetourisme.fr\/en\/imagine-your-stay\/provencal-villages\/grasse\/\" \/>\n<meta property=\"og:locale\" content=\"en_US\" \/>\n<meta property=\"og:type\" content=\"article\" \/>\n<meta property=\"og:title\" content=\"Grasse - Pays de Grasse Tourisme\" \/>\n<meta property=\"og:description\" content=\"World capital of perfume, one of the most beautiful balconies on the Mediterranean, Grasse is a must on the C\u00f4te d&#039;Azur\" \/>\n<meta property=\"og:url\" content=\"https:\/\/www.paysdegrassetourisme.fr\/en\/imagine-your-stay\/provencal-villages\/grasse\/\" \/>\n<meta property=\"og:site_name\" content=\"Pays de Grasse Tourisme\" \/>\n<meta property=\"article:modified_time\" content=\"2025-01-30T12:06:09+00:00\" \/>\n<meta property=\"og:image\" content=\"https:\/\/www.paysdegrassetourisme.fr\/wp-content\/uploads\/2024\/07\/Pays-grassois-840x473-1.jpeg\" \/>\n\t<meta property=\"og:image:width\" content=\"840\" \/>\n\t<meta property=\"og:image:height\" content=\"473\" \/>\n\t<meta property=\"og:image:type\" content=\"image\/jpeg\" \/>\n<meta name=\"twitter:card\" content=\"summary_large_image\" \/>\n<meta name=\"twitter:label1\" content=\"Est. reading time\" \/>\n\t<meta name=\"twitter:data1\" content=\"1 minute\" \/>\n<script type=\"application\/ld+json\" class=\"yoast-schema-graph\">{\"@context\":\"https:\/\/schema.org\",\"@graph\":[{\"@type\":\"WebPage\",\"@id\":\"https:\/\/www.paysdegrassetourisme.fr\/en\/imagine-your-stay\/provencal-villages\/grasse\/\",\"url\":\"https:\/\/www.paysdegrassetourisme.fr\/en\/imagine-your-stay\/provencal-villages\/grasse\/\",\"name\":\"Grasse - Pays de Grasse Tourisme\",\"isPartOf\":{\"@id\":\"https:\/\/paysdegrassetourisme.fr\/#website\"},\"primaryImageOfPage\":{\"@id\":\"https:\/\/www.paysdegrassetourisme.fr\/en\/imagine-your-stay\/provencal-villages\/grasse\/#primaryimage\"},\"image\":{\"@id\":\"https:\/\/www.paysdegrassetourisme.fr\/en\/imagine-your-stay\/provencal-villages\/grasse\/#primaryimage\"},\"thumbnailUrl\":\"https:\/\/www.paysdegrassetourisme.fr\/wp-content\/uploads\/2024\/07\/Pays-grassois-840x473-1.jpeg\",\"datePublished\":\"2024-09-30T09:30:47+00:00\",\"dateModified\":\"2025-01-30T12:06:09+00:00\",\"description\":\"World capital of perfume, one of the most beautiful balconies on the Mediterranean, Grasse is a must on the C\u00f4te d'Azur\",\"breadcrumb\":{\"@id\":\"https:\/\/www.paysdegrassetourisme.fr\/en\/imagine-your-stay\/provencal-villages\/grasse\/#breadcrumb\"},\"inLanguage\":\"en-US\",\"potentialAction\":[{\"@type\":\"ReadAction\",\"target\":[\"https:\/\/www.paysdegrassetourisme.fr\/en\/imagine-your-stay\/provencal-villages\/grasse\/\"]}]},{\"@type\":\"ImageObject\",\"inLanguage\":\"en-US\",\"@id\":\"https:\/\/www.paysdegrassetourisme.fr\/en\/imagine-your-stay\/provencal-villages\/grasse\/#primaryimage\",\"url\":\"https:\/\/www.paysdegrassetourisme.fr\/wp-content\/uploads\/2024\/07\/Pays-grassois-840x473-1.jpeg\",\"contentUrl\":\"https:\/\/www.paysdegrassetourisme.fr\/wp-content\/uploads\/2024\/07\/Pays-grassois-840x473-1.jpeg\",\"width\":840,\"height\":473},{\"@type\":\"BreadcrumbList\",\"@id\":\"https:\/\/www.paysdegrassetourisme.fr\/en\/imagine-your-stay\/provencal-villages\/grasse\/#breadcrumb\",\"itemListElement\":[{\"@type\":\"ListItem\",\"position\":1,\"name\":\"Accueil\",\"item\":\"https:\/\/www.paysdegrassetourisme.fr\/en\/\"},{\"@type\":\"ListItem\",\"position\":2,\"name\":\"Imagine your stay\",\"item\":\"https:\/\/www.paysdegrassetourisme.fr\/en\/imagine-your-stay\/\"},{\"@type\":\"ListItem\",\"position\":3,\"name\":\"Provencal Villages\",\"item\":\"https:\/\/www.paysdegrassetourisme.fr\/en\/imagine-your-stay\/provencal-villages\/\"},{\"@type\":\"ListItem\",\"position\":4,\"name\":\"Grasse\"}]},{\"@type\":\"WebSite\",\"@id\":\"https:\/\/paysdegrassetourisme.fr\/#website\",\"url\":\"https:\/\/paysdegrassetourisme.fr\/\",\"name\":\"Pays de Grasse Tourisme\",\"description\":\"\",\"publisher\":{\"@id\":\"https:\/\/paysdegrassetourisme.fr\/#organization\"},\"potentialAction\":[{\"@type\":\"SearchAction\",\"target\":{\"@type\":\"EntryPoint\",\"urlTemplate\":\"https:\/\/paysdegrassetourisme.fr\/?s={search_term_string}\"},\"query-input\":{\"@type\":\"PropertyValueSpecification\",\"valueRequired\":true,\"valueName\":\"search_term_string\"}}],\"inLanguage\":\"en-US\"},{\"@type\":\"Organization\",\"@id\":\"https:\/\/paysdegrassetourisme.fr\/#organization\",\"name\":\"Pays de Grasse Tourisme\",\"url\":\"https:\/\/paysdegrassetourisme.fr\/\",\"logo\":{\"@type\":\"ImageObject\",\"inLanguage\":\"en-US\",\"@id\":\"https:\/\/paysdegrassetourisme.fr\/#\/schema\/logo\/image\/\",\"url\":\"https:\/\/www.paysdegrassetourisme.fr\/wp-content\/uploads\/2024\/05\/favicon.png\",\"contentUrl\":\"https:\/\/www.paysdegrassetourisme.fr\/wp-content\/uploads\/2024\/05\/favicon.png\",\"width\":512,\"height\":512,\"caption\":\"Pays de Grasse Tourisme\"},\"image\":{\"@id\":\"https:\/\/paysdegrassetourisme.fr\/#\/schema\/logo\/image\/\"}}]}<\/script>\n<!-- \/ Yoast SEO plugin. -->","yoast_head_json":{"title":"Grasse - Pays de Grasse Tourisme","description":"World capital of perfume, one of the most beautiful balconies on the Mediterranean, Grasse is a must on the C\u00f4te d'Azur","robots":{"index":"index","follow":"follow","max-snippet":"max-snippet:-1","max-image-preview":"max-image-preview:large","max-video-preview":"max-video-preview:-1"},"canonical":"https:\/\/www.paysdegrassetourisme.fr\/en\/imagine-your-stay\/provencal-villages\/grasse\/","og_locale":"en_US","og_type":"article","og_title":"Grasse - Pays de Grasse Tourisme","og_description":"World capital of perfume, one of the most beautiful balconies on the Mediterranean, Grasse is a must on the C\u00f4te d'Azur","og_url":"https:\/\/www.paysdegrassetourisme.fr\/en\/imagine-your-stay\/provencal-villages\/grasse\/","og_site_name":"Pays de Grasse Tourisme","article_modified_time":"2025-01-30T12:06:09+00:00","og_image":[{"width":840,"height":473,"url":"https:\/\/www.paysdegrassetourisme.fr\/wp-content\/uploads\/2024\/07\/Pays-grassois-840x473-1.jpeg","type":"image\/jpeg"}],"twitter_card":"summary_large_image","twitter_misc":{"Est. reading time":"1 minute"},"schema":{"@context":"https:\/\/schema.org","@graph":[{"@type":"WebPage","@id":"https:\/\/www.paysdegrassetourisme.fr\/en\/imagine-your-stay\/provencal-villages\/grasse\/","url":"https:\/\/www.paysdegrassetourisme.fr\/en\/imagine-your-stay\/provencal-villages\/grasse\/","name":"Grasse - Pays de Grasse Tourisme","isPartOf":{"@id":"https:\/\/paysdegrassetourisme.fr\/#website"},"primaryImageOfPage":{"@id":"https:\/\/www.paysdegrassetourisme.fr\/en\/imagine-your-stay\/provencal-villages\/grasse\/#primaryimage"},"image":{"@id":"https:\/\/www.paysdegrassetourisme.fr\/en\/imagine-your-stay\/provencal-villages\/grasse\/#primaryimage"},"thumbnailUrl":"https:\/\/www.paysdegrassetourisme.fr\/wp-content\/uploads\/2024\/07\/Pays-grassois-840x473-1.jpeg","datePublished":"2024-09-30T09:30:47+00:00","dateModified":"2025-01-30T12:06:09+00:00","description":"World capital of perfume, one of the most beautiful balconies on the Mediterranean, Grasse is a must on the C\u00f4te d'Azur","breadcrumb":{"@id":"https:\/\/www.paysdegrassetourisme.fr\/en\/imagine-your-stay\/provencal-villages\/grasse\/#breadcrumb"},"inLanguage":"en-US","potentialAction":[{"@type":"ReadAction","target":["https:\/\/www.paysdegrassetourisme.fr\/en\/imagine-your-stay\/provencal-villages\/grasse\/"]}]},{"@type":"ImageObject","inLanguage":"en-US","@id":"https:\/\/www.paysdegrassetourisme.fr\/en\/imagine-your-stay\/provencal-villages\/grasse\/#primaryimage","url":"https:\/\/www.paysdegrassetourisme.fr\/wp-content\/uploads\/2024\/07\/Pays-grassois-840x473-1.jpeg","contentUrl":"https:\/\/www.paysdegrassetourisme.fr\/wp-content\/uploads\/2024\/07\/Pays-grassois-840x473-1.jpeg","width":840,"height":473},{"@type":"BreadcrumbList","@id":"https:\/\/www.paysdegrassetourisme.fr\/en\/imagine-your-stay\/provencal-villages\/grasse\/#breadcrumb","itemListElement":[{"@type":"ListItem","position":1,"name":"Accueil","item":"https:\/\/www.paysdegrassetourisme.fr\/en\/"},{"@type":"ListItem","position":2,"name":"Imagine your stay","item":"https:\/\/www.paysdegrassetourisme.fr\/en\/imagine-your-stay\/"},{"@type":"ListItem","position":3,"name":"Provencal Villages","item":"https:\/\/www.paysdegrassetourisme.fr\/en\/imagine-your-stay\/provencal-villages\/"},{"@type":"ListItem","position":4,"name":"Grasse"}]},{"@type":"WebSite","@id":"https:\/\/paysdegrassetourisme.fr\/#website","url":"https:\/\/paysdegrassetourisme.fr\/","name":"Pays de Grasse Tourisme","description":"","publisher":{"@id":"https:\/\/paysdegrassetourisme.fr\/#organization"},"potentialAction":[{"@type":"SearchAction","target":{"@type":"EntryPoint","urlTemplate":"https:\/\/paysdegrassetourisme.fr\/?s={search_term_string}"},"query-input":{"@type":"PropertyValueSpecification","valueRequired":true,"valueName":"search_term_string"}}],"inLanguage":"en-US"},{"@type":"Organization","@id":"https:\/\/paysdegrassetourisme.fr\/#organization","name":"Pays de Grasse Tourisme","url":"https:\/\/paysdegrassetourisme.fr\/","logo":{"@type":"ImageObject","inLanguage":"en-US","@id":"https:\/\/paysdegrassetourisme.fr\/#\/schema\/logo\/image\/","url":"https:\/\/www.paysdegrassetourisme.fr\/wp-content\/uploads\/2024\/05\/favicon.png","contentUrl":"https:\/\/www.paysdegrassetourisme.fr\/wp-content\/uploads\/2024\/05\/favicon.png","width":512,"height":512,"caption":"Pays de Grasse Tourisme"},"image":{"@id":"https:\/\/paysdegrassetourisme.fr\/#\/schema\/logo\/image\/"}}]}},"_links":{"self":[{"href":"https:\/\/www.paysdegrassetourisme.fr\/en\/wp-json\/wp\/v2\/pages\/11103","targetHints":{"allow":["GET"]}}],"collection":[{"href":"https:\/\/www.paysdegrassetourisme.fr\/en\/wp-json\/wp\/v2\/pages"}],"about":[{"href":"https:\/\/www.paysdegrassetourisme.fr\/en\/wp-json\/wp\/v2\/types\/page"}],"author":[{"embeddable":true,"href":"https:\/\/www.paysdegrassetourisme.fr\/en\/wp-json\/wp\/v2\/users\/4"}],"replies":[{"embeddable":true,"href":"https:\/\/www.paysdegrassetourisme.fr\/en\/wp-json\/wp\/v2\/comments?post=11103"}],"version-history":[{"count":1,"href":"https:\/\/www.paysdegrassetourisme.fr\/en\/wp-json\/wp\/v2\/pages\/11103\/revisions"}],"predecessor-version":[{"id":11104,"href":"https:\/\/www.paysdegrassetourisme.fr\/en\/wp-json\/wp\/v2\/pages\/11103\/revisions\/11104"}],"up":[{"embeddable":true,"href":"https:\/\/www.paysdegrassetourisme.fr\/en\/wp-json\/wp\/v2\/pages\/11025"}],"wp:featuredmedia":[{"embeddable":true,"href":"https:\/\/www.paysdegrassetourisme.fr\/en\/wp-json\/wp\/v2\/media\/2710"}],"wp:attachment":[{"href":"https:\/\/www.paysdegrassetourisme.fr\/en\/wp-json\/wp\/v2\/media?parent=11103"}],"curies":[{"name":"wp","href":"https:\/\/api.w.org\/{rel}","templated":true}]}}