{"id":12112,"date":"2024-06-13T13:43:17","date_gmt":"2024-06-13T11:43:17","guid":{"rendered":"https:\/\/www.paysdegrassetourisme.fr\/?page_id=12112"},"modified":"2026-01-05T09:52:00","modified_gmt":"2026-01-05T08:52:00","slug":"i-buoni-piani","status":"publish","type":"page","link":"https:\/\/www.paysdegrassetourisme.fr\/it\/lorganizzazione\/i-buoni-piani\/","title":{"rendered":"I buoni piani"},"content":{"rendered":"","protected":false},"excerpt":{"rendered":"","protected":false},"author":1,"featured_media":4834,"parent":12118,"menu_order":0,"comment_status":"closed","ping_status":"closed","template":"","meta":{"_acf_changed":false,"footnotes":""},"class_list":["post-12112","page","type-page","status-publish","has-post-thumbnail","hentry"],"acf":{"contenu":[{"ligne":[{"col":"2","container":"normal","display_on":"any","background":"pink","alignment":true,"blocs":[{"acf_fc_layout":"project-custom-texte","texte":"<h2 style=\"text-align: center;\">Parcheggiare a Grasse<\/h2>\n<p style=\"text-align: center;\">Due parcheggi Grassois sono in gestione autonoma.<\/p>\n<p style=\"text-align: center;\"><a href=\"https:\/\/g.co\/kgs\/915CKNr\" target=\"_blank\" rel=\"noopener\">Notre-Dame des Fleurs<\/a><br \/>\nSabato 3\u20ac tutto il giorno (eccetto luglio e agosto)<br \/>\n1 ora gratuita durante la settimana<\/p>\n<p style=\"text-align: center;\"><a href=\"https:\/\/g.co\/kgs\/7JYJKih\" target=\"_blank\" rel=\"noopener\">La Roque<\/a><br \/>\nSabato gratuito tutto il giorno<\/p>\n<p style=\"text-align: center;\">Ci sono dei pass per diversi giorni.<\/p>\n<p style=\"text-align: center;\"><a class=\"btn btn-1\" href=\"https:\/\/www.grasse-parking.fr\" target=\"_blank\" rel=\"noopener\">SCOPRI DI PI\u00d9<\/a><\/p>\n"},{"acf_fc_layout":"project-custom-image","image":2277,"nocrop":false}]}]},{"ligne":[{"col":"2","container":"normal","display_on":"any","background":"white","alignment":true,"blocs":[{"acf_fc_layout":"project-custom-image","image":2232,"nocrop":false},{"acf_fc_layout":"project-custom-texte","texte":"<h2 style=\"text-align: center;\">Sconti nelle profumerie<\/h2>\n<p style=\"text-align: center;\">Durante la vostra visita a Grasse,<\/p>\n<p style=\"text-align: center;\">Venite a trovarci nei nostri Uffici di Informazioni Turistiche<\/p>\n<p style=\"text-align: center;\">Troverete in self-service, buoni sconto del -10% validi nei negozi delle profumerie <a href=\"https:\/\/www.paysdegrassetourisme.fr\/parfumerie-fragonard-usine-historique-5723853\/\" target=\"_blank\" rel=\"noopener\">Fragonard<\/a>, <a href=\"https:\/\/www.paysdegrassetourisme.fr\/parfumerie-galimard-615982\/\" target=\"_blank\" rel=\"noopener\">Galimard<\/a> e <a href=\"https:\/\/www.paysdegrassetourisme.fr\/parfumerie-molinard-la-bastide-5724462\/\" target=\"_blank\" rel=\"noopener\">Molinard<\/a>.<\/p>\n<p style=\"text-align: center;\"><a class=\"btn btn-2\" href=\"https:\/\/www.paysdegrassetourisme.fr\/imaginons-votre-sejour\/chemins-parfumes-unesco\/visiter-une-parfumerie\/\" rel=\"noopener\">VISITARE UNA PROFUMERIA<\/a><\/p>\n"}]}]},{"ligne":[{"col":"2","container":"normal","display_on":"any","background":"pink","alignment":true,"blocs":[{"acf_fc_layout":"project-custom-texte","texte":"<h1 style=\"text-align: center;\">Pass C\u00f4te d&#8217;Azur France<\/h1>\n<p style=\"text-align: center;\">Il Pass C\u00f4te d&#8217;Azur France \u00e8 un prezioso sesamo per scoprire i tesori della famosa Riviera francese.<\/p>\n<p style=\"text-align: center;\">Questo pass offre un accesso privilegiato a una moltitudine di attrazioni, musei e luoghi iconici, oltre a sconti su varie attivit\u00e0, come gite in barca, visite guidate e trasporti pubblici.<\/p>\n<p style=\"text-align: center;\">Che tu voglia esplorare i paesaggi mozzafiato del mare, immergerti nella storia e nella cultura di citt\u00e0 come Nizza, Cannes o Antibes, o goderti le numerose spiagge, la C\u00f4te d&#8217;Azur Card semplifica il tuo soggiorno permettendoti di massimizzare il tuo budget.<\/p>\n<p style=\"text-align: center;\">Con questa carta, ogni visita diventa un&#8217;esperienza arricchente e memorabile, beneficiando di vantaggi esclusivi per rendere il vostro soggiorno sulla Costa Azzurra ancora pi\u00f9 piacevole.<\/p>\n<p style=\"text-align: center;\"><strong>La C\u00f4te d\u2019Azur Card<br \/>\ntorner\u00e0 nel corso del 2026.<\/strong><\/p>\n"},{"acf_fc_layout":"project-custom-image","image":14275,"nocrop":false}]}]},{"ligne":[{"col":"2","container":"normal","display_on":"any","background":"white","alignment":true,"blocs":[{"acf_fc_layout":"project-custom-image","image":10033,"nocrop":true},{"acf_fc_layout":"project-custom-texte","texte":"<h2 style=\"text-align: center;\">Wijoy<\/h2>\n<p style=\"text-align: center;\">Wijoy \u00e8 l&#8217;applicazione ideale per esplorare la Costa Azzurra beneficiando di offerte eccezionali nei migliori indirizzi.<\/p>\n<p style=\"text-align: center;\">Che tu stia cercando ristoranti raffinati, negozi alla moda o attivit\u00e0 culturali, Wijoy ti offre una vasta gamma di opzioni con sconti interessanti.<\/p>\n<p style=\"text-align: center;\"><a class=\"btn btn-2\" href=\"https:\/\/wijoy.fr\" target=\"_blank\" rel=\"noopener\">SCOPRI DI PI\u00d9<\/a><\/p>\n"}]}]},{"ligne":[{"col":"2","container":"normal","display_on":"any","background":"pink","alignment":true,"blocs":[{"acf_fc_layout":"project-custom-texte","texte":"<h2 style=\"text-align: center;\">Itinair&#8217;Bis<\/h2>\n<p style=\"text-align: center;\">Itinair Bis \u00e8 molto pi\u00f9 di un semplice servizio di viaggio, \u00e8 una vera e propria piattaforma di accompagnamento dedicata alla mobilit\u00e0 sostenibile e alla scoperta dei territori.<\/p>\n<p style=\"text-align: center;\">Progettato per rispondere alle aspettative dei viaggiatori attenti all&#8217;ambiente, Itinair Bis mette in evidenza soluzioni di trasporto alternative ed eco-responsabili, favorendo al contempo la scoperta di luoghi autentici e poco conosciuti.<\/p>\n<p style=\"text-align: center;\"><a class=\"btn btn-1\" href=\"https:\/\/www.itinairbis.com\" target=\"_blank\" rel=\"noopener\">SCOPRI DI PI\u00d9<\/a><\/p>\n"},{"acf_fc_layout":"project-custom-image","image":10037,"nocrop":true}]}]}],"image_en_header":4834,"backoffice_post_title":"Organizzazione - I buoni piani","hide_h1":true,"picto":1947},"yoast_head":"<!-- This site is optimized with the Yoast SEO plugin v27.1.1 - https:\/\/yoast.com\/product\/yoast-seo-wordpress\/ -->\n<title>I buoni piani - Pays de Grasse Tourisme<\/title>\n<meta name=\"description\" content=\"Approfittate dei nostri buoni piani! Attivit\u00e0 e offerte a prezzi scontati per esperienze indimenticabili risparmiando.\" \/>\n<meta name=\"robots\" content=\"index, follow, max-snippet:-1, max-image-preview:large, max-video-preview:-1\" \/>\n<link rel=\"canonical\" href=\"https:\/\/www.paysdegrassetourisme.fr\/it\/lorganizzazione\/i-buoni-piani\/\" \/>\n<meta property=\"og:locale\" content=\"it_IT\" \/>\n<meta property=\"og:type\" content=\"article\" \/>\n<meta property=\"og:title\" content=\"I buoni piani - Pays de Grasse Tourisme\" \/>\n<meta property=\"og:description\" content=\"Approfittate dei nostri buoni piani! Attivit\u00e0 e offerte a prezzi scontati per esperienze indimenticabili risparmiando.\" \/>\n<meta property=\"og:url\" content=\"https:\/\/www.paysdegrassetourisme.fr\/it\/lorganizzazione\/i-buoni-piani\/\" \/>\n<meta property=\"og:site_name\" content=\"Pays de Grasse Tourisme\" \/>\n<meta property=\"article:modified_time\" content=\"2026-01-05T08:52:00+00:00\" \/>\n<meta property=\"og:image\" content=\"https:\/\/www.paysdegrassetourisme.fr\/wp-content\/uploads\/2024\/09\/vitaly-taranov-OCrPJce6GPk-unsplash-scaled.jpg\" \/>\n\t<meta property=\"og:image:width\" content=\"2560\" \/>\n\t<meta property=\"og:image:height\" content=\"1707\" \/>\n\t<meta property=\"og:image:type\" content=\"image\/jpeg\" \/>\n<meta name=\"twitter:card\" content=\"summary_large_image\" \/>\n<meta name=\"twitter:label1\" content=\"Tempo di lettura stimato\" \/>\n\t<meta name=\"twitter:data1\" content=\"1 minuto\" \/>\n<script type=\"application\/ld+json\" class=\"yoast-schema-graph\">{\"@context\":\"https:\/\/schema.org\",\"@graph\":[{\"@type\":\"WebPage\",\"@id\":\"https:\/\/www.paysdegrassetourisme.fr\/it\/lorganizzazione\/i-buoni-piani\/\",\"url\":\"https:\/\/www.paysdegrassetourisme.fr\/it\/lorganizzazione\/i-buoni-piani\/\",\"name\":\"I buoni piani - Pays de Grasse Tourisme\",\"isPartOf\":{\"@id\":\"https:\/\/paysdegrassetourisme.fr\/#website\"},\"primaryImageOfPage\":{\"@id\":\"https:\/\/www.paysdegrassetourisme.fr\/it\/lorganizzazione\/i-buoni-piani\/#primaryimage\"},\"image\":{\"@id\":\"https:\/\/www.paysdegrassetourisme.fr\/it\/lorganizzazione\/i-buoni-piani\/#primaryimage\"},\"thumbnailUrl\":\"https:\/\/www.paysdegrassetourisme.fr\/wp-content\/uploads\/2024\/09\/vitaly-taranov-OCrPJce6GPk-unsplash-scaled.jpg\",\"datePublished\":\"2024-06-13T11:43:17+00:00\",\"dateModified\":\"2026-01-05T08:52:00+00:00\",\"description\":\"Approfittate dei nostri buoni piani! Attivit\u00e0 e offerte a prezzi scontati per esperienze indimenticabili risparmiando.\",\"breadcrumb\":{\"@id\":\"https:\/\/www.paysdegrassetourisme.fr\/it\/lorganizzazione\/i-buoni-piani\/#breadcrumb\"},\"inLanguage\":\"it-IT\",\"potentialAction\":[{\"@type\":\"ReadAction\",\"target\":[\"https:\/\/www.paysdegrassetourisme.fr\/it\/lorganizzazione\/i-buoni-piani\/\"]}]},{\"@type\":\"ImageObject\",\"inLanguage\":\"it-IT\",\"@id\":\"https:\/\/www.paysdegrassetourisme.fr\/it\/lorganizzazione\/i-buoni-piani\/#primaryimage\",\"url\":\"https:\/\/www.paysdegrassetourisme.fr\/wp-content\/uploads\/2024\/09\/vitaly-taranov-OCrPJce6GPk-unsplash-scaled.jpg\",\"contentUrl\":\"https:\/\/www.paysdegrassetourisme.fr\/wp-content\/uploads\/2024\/09\/vitaly-taranov-OCrPJce6GPk-unsplash-scaled.jpg\",\"width\":2560,\"height\":1707},{\"@type\":\"BreadcrumbList\",\"@id\":\"https:\/\/www.paysdegrassetourisme.fr\/it\/lorganizzazione\/i-buoni-piani\/#breadcrumb\",\"itemListElement\":[{\"@type\":\"ListItem\",\"position\":1,\"name\":\"Accueil\",\"item\":\"https:\/\/www.paysdegrassetourisme.fr\/it\/\"},{\"@type\":\"ListItem\",\"position\":2,\"name\":\"L&rsquo;organizzazione\",\"item\":\"https:\/\/www.paysdegrassetourisme.fr\/it\/lorganizzazione\/\"},{\"@type\":\"ListItem\",\"position\":3,\"name\":\"I buoni piani\"}]},{\"@type\":\"WebSite\",\"@id\":\"https:\/\/paysdegrassetourisme.fr\/#website\",\"url\":\"https:\/\/paysdegrassetourisme.fr\/\",\"name\":\"Pays de Grasse Tourisme\",\"description\":\"\",\"publisher\":{\"@id\":\"https:\/\/paysdegrassetourisme.fr\/#organization\"},\"potentialAction\":[{\"@type\":\"SearchAction\",\"target\":{\"@type\":\"EntryPoint\",\"urlTemplate\":\"https:\/\/paysdegrassetourisme.fr\/?s={search_term_string}\"},\"query-input\":{\"@type\":\"PropertyValueSpecification\",\"valueRequired\":true,\"valueName\":\"search_term_string\"}}],\"inLanguage\":\"it-IT\"},{\"@type\":\"Organization\",\"@id\":\"https:\/\/paysdegrassetourisme.fr\/#organization\",\"name\":\"Pays de Grasse Tourisme\",\"url\":\"https:\/\/paysdegrassetourisme.fr\/\",\"logo\":{\"@type\":\"ImageObject\",\"inLanguage\":\"it-IT\",\"@id\":\"https:\/\/paysdegrassetourisme.fr\/#\/schema\/logo\/image\/\",\"url\":\"https:\/\/www.paysdegrassetourisme.fr\/wp-content\/uploads\/2024\/05\/favicon.png\",\"contentUrl\":\"https:\/\/www.paysdegrassetourisme.fr\/wp-content\/uploads\/2024\/05\/favicon.png\",\"width\":512,\"height\":512,\"caption\":\"Pays de Grasse Tourisme\"},\"image\":{\"@id\":\"https:\/\/paysdegrassetourisme.fr\/#\/schema\/logo\/image\/\"}}]}<\/script>\n<!-- \/ Yoast SEO plugin. -->","yoast_head_json":{"title":"I buoni piani - Pays de Grasse Tourisme","description":"Approfittate dei nostri buoni piani! Attivit\u00e0 e offerte a prezzi scontati per esperienze indimenticabili risparmiando.","robots":{"index":"index","follow":"follow","max-snippet":"max-snippet:-1","max-image-preview":"max-image-preview:large","max-video-preview":"max-video-preview:-1"},"canonical":"https:\/\/www.paysdegrassetourisme.fr\/it\/lorganizzazione\/i-buoni-piani\/","og_locale":"it_IT","og_type":"article","og_title":"I buoni piani - Pays de Grasse Tourisme","og_description":"Approfittate dei nostri buoni piani! Attivit\u00e0 e offerte a prezzi scontati per esperienze indimenticabili risparmiando.","og_url":"https:\/\/www.paysdegrassetourisme.fr\/it\/lorganizzazione\/i-buoni-piani\/","og_site_name":"Pays de Grasse Tourisme","article_modified_time":"2026-01-05T08:52:00+00:00","og_image":[{"width":2560,"height":1707,"url":"https:\/\/www.paysdegrassetourisme.fr\/wp-content\/uploads\/2024\/09\/vitaly-taranov-OCrPJce6GPk-unsplash-scaled.jpg","type":"image\/jpeg"}],"twitter_card":"summary_large_image","twitter_misc":{"Tempo di lettura stimato":"1 minuto"},"schema":{"@context":"https:\/\/schema.org","@graph":[{"@type":"WebPage","@id":"https:\/\/www.paysdegrassetourisme.fr\/it\/lorganizzazione\/i-buoni-piani\/","url":"https:\/\/www.paysdegrassetourisme.fr\/it\/lorganizzazione\/i-buoni-piani\/","name":"I buoni piani - Pays de Grasse Tourisme","isPartOf":{"@id":"https:\/\/paysdegrassetourisme.fr\/#website"},"primaryImageOfPage":{"@id":"https:\/\/www.paysdegrassetourisme.fr\/it\/lorganizzazione\/i-buoni-piani\/#primaryimage"},"image":{"@id":"https:\/\/www.paysdegrassetourisme.fr\/it\/lorganizzazione\/i-buoni-piani\/#primaryimage"},"thumbnailUrl":"https:\/\/www.paysdegrassetourisme.fr\/wp-content\/uploads\/2024\/09\/vitaly-taranov-OCrPJce6GPk-unsplash-scaled.jpg","datePublished":"2024-06-13T11:43:17+00:00","dateModified":"2026-01-05T08:52:00+00:00","description":"Approfittate dei nostri buoni piani! Attivit\u00e0 e offerte a prezzi scontati per esperienze indimenticabili risparmiando.","breadcrumb":{"@id":"https:\/\/www.paysdegrassetourisme.fr\/it\/lorganizzazione\/i-buoni-piani\/#breadcrumb"},"inLanguage":"it-IT","potentialAction":[{"@type":"ReadAction","target":["https:\/\/www.paysdegrassetourisme.fr\/it\/lorganizzazione\/i-buoni-piani\/"]}]},{"@type":"ImageObject","inLanguage":"it-IT","@id":"https:\/\/www.paysdegrassetourisme.fr\/it\/lorganizzazione\/i-buoni-piani\/#primaryimage","url":"https:\/\/www.paysdegrassetourisme.fr\/wp-content\/uploads\/2024\/09\/vitaly-taranov-OCrPJce6GPk-unsplash-scaled.jpg","contentUrl":"https:\/\/www.paysdegrassetourisme.fr\/wp-content\/uploads\/2024\/09\/vitaly-taranov-OCrPJce6GPk-unsplash-scaled.jpg","width":2560,"height":1707},{"@type":"BreadcrumbList","@id":"https:\/\/www.paysdegrassetourisme.fr\/it\/lorganizzazione\/i-buoni-piani\/#breadcrumb","itemListElement":[{"@type":"ListItem","position":1,"name":"Accueil","item":"https:\/\/www.paysdegrassetourisme.fr\/it\/"},{"@type":"ListItem","position":2,"name":"L&rsquo;organizzazione","item":"https:\/\/www.paysdegrassetourisme.fr\/it\/lorganizzazione\/"},{"@type":"ListItem","position":3,"name":"I buoni piani"}]},{"@type":"WebSite","@id":"https:\/\/paysdegrassetourisme.fr\/#website","url":"https:\/\/paysdegrassetourisme.fr\/","name":"Pays de Grasse Tourisme","description":"","publisher":{"@id":"https:\/\/paysdegrassetourisme.fr\/#organization"},"potentialAction":[{"@type":"SearchAction","target":{"@type":"EntryPoint","urlTemplate":"https:\/\/paysdegrassetourisme.fr\/?s={search_term_string}"},"query-input":{"@type":"PropertyValueSpecification","valueRequired":true,"valueName":"search_term_string"}}],"inLanguage":"it-IT"},{"@type":"Organization","@id":"https:\/\/paysdegrassetourisme.fr\/#organization","name":"Pays de Grasse Tourisme","url":"https:\/\/paysdegrassetourisme.fr\/","logo":{"@type":"ImageObject","inLanguage":"it-IT","@id":"https:\/\/paysdegrassetourisme.fr\/#\/schema\/logo\/image\/","url":"https:\/\/www.paysdegrassetourisme.fr\/wp-content\/uploads\/2024\/05\/favicon.png","contentUrl":"https:\/\/www.paysdegrassetourisme.fr\/wp-content\/uploads\/2024\/05\/favicon.png","width":512,"height":512,"caption":"Pays de Grasse Tourisme"},"image":{"@id":"https:\/\/paysdegrassetourisme.fr\/#\/schema\/logo\/image\/"}}]}},"_links":{"self":[{"href":"https:\/\/www.paysdegrassetourisme.fr\/it\/wp-json\/wp\/v2\/pages\/12112","targetHints":{"allow":["GET"]}}],"collection":[{"href":"https:\/\/www.paysdegrassetourisme.fr\/it\/wp-json\/wp\/v2\/pages"}],"about":[{"href":"https:\/\/www.paysdegrassetourisme.fr\/it\/wp-json\/wp\/v2\/types\/page"}],"author":[{"embeddable":true,"href":"https:\/\/www.paysdegrassetourisme.fr\/it\/wp-json\/wp\/v2\/users\/1"}],"replies":[{"embeddable":true,"href":"https:\/\/www.paysdegrassetourisme.fr\/it\/wp-json\/wp\/v2\/comments?post=12112"}],"version-history":[{"count":4,"href":"https:\/\/www.paysdegrassetourisme.fr\/it\/wp-json\/wp\/v2\/pages\/12112\/revisions"}],"predecessor-version":[{"id":14922,"href":"https:\/\/www.paysdegrassetourisme.fr\/it\/wp-json\/wp\/v2\/pages\/12112\/revisions\/14922"}],"up":[{"embeddable":true,"href":"https:\/\/www.paysdegrassetourisme.fr\/it\/wp-json\/wp\/v2\/pages\/12118"}],"wp:featuredmedia":[{"embeddable":true,"href":"https:\/\/www.paysdegrassetourisme.fr\/it\/wp-json\/wp\/v2\/media\/4834"}],"wp:attachment":[{"href":"https:\/\/www.paysdegrassetourisme.fr\/it\/wp-json\/wp\/v2\/media?parent=12112"}],"curies":[{"name":"wp","href":"https:\/\/api.w.org\/{rel}","templated":true}]}}