{"id":12224,"date":"2024-10-03T10:43:43","date_gmt":"2024-10-03T08:43:43","guid":{"rendered":"https:\/\/www.paysdegrassetourisme.fr\/?page_id=12224"},"modified":"2025-02-07T14:37:08","modified_gmt":"2025-02-07T13:37:08","slug":"momenti-esclusivi-estivi","status":"publish","type":"page","link":"https:\/\/www.paysdegrassetourisme.fr\/it\/imperdibili\/chemins-parfumes-unesco\/momenti-esclusivi-estivi\/","title":{"rendered":"Momenti esclusivi estivi"},"content":{"rendered":"","protected":false},"excerpt":{"rendered":"","protected":false},"author":4,"featured_media":6058,"parent":12070,"menu_order":0,"comment_status":"closed","ping_status":"closed","template":"","meta":{"_acf_changed":false,"footnotes":""},"class_list":["post-12224","page","type-page","status-publish","has-post-thumbnail","hentry"],"acf":{"picto":false,"image_en_header":6058,"backoffice_post_title":"Chemins Parfum\u00e9s UNESCO \u2013 Momenti esclusivi estivi","hide_h1":true,"contenu":[{"ligne":[{"col":"1","container":"normal","display_on":"any","background":"white","alignment":true,"blocs":false}]},{"ligne":[{"col":"1","container":"normal","display_on":"any","background":"white","alignment":true,"blocs":[{"acf_fc_layout":"project-custom-apidae-listing-avance","apidae_selection":{"term_id":1426,"name":"Chemins parfum\u00e9s moments \u00e9t\u00e9","slug":"selection-175327","term_group":0,"term_taxonomy_id":1426,"taxonomy":"ws_apidae_selection","description":"{\"lang\":{\"libelleFr\":\"Chemins parfum\u00e9s moments \u00e9t\u00e9\"}}","parent":0,"count":6,"filter":"raw"},"filtres_du_listing":"standards","apidae_tri":"title","apidae_showmap":true,"is_not_cropped":false}]}]}]},"yoast_head":"<!-- This site is optimized with the Yoast SEO plugin v27.1.1 - https:\/\/yoast.com\/product\/yoast-seo-wordpress\/ -->\n<title>Momenti esclusivi estivi - Pays de Grasse Tourisme<\/title>\n<meta name=\"description\" content=\"Esplora i sentieri profumati e la ricchezza dei profumi! Un&#039;avventura sensoriale iscritta al patrimonio dell&#039;UNESCO e nel cuore della natura.\" \/>\n<meta name=\"robots\" content=\"index, follow, max-snippet:-1, max-image-preview:large, max-video-preview:-1\" \/>\n<link rel=\"canonical\" href=\"https:\/\/www.paysdegrassetourisme.fr\/it\/imperdibili\/chemins-parfumes-unesco\/momenti-esclusivi-estivi\/\" \/>\n<meta property=\"og:locale\" content=\"it_IT\" \/>\n<meta property=\"og:type\" content=\"article\" \/>\n<meta property=\"og:title\" content=\"Momenti esclusivi estivi - Pays de Grasse Tourisme\" \/>\n<meta property=\"og:description\" content=\"Esplora i sentieri profumati e la ricchezza dei profumi! Un&#039;avventura sensoriale iscritta al patrimonio dell&#039;UNESCO e nel cuore della natura.\" \/>\n<meta property=\"og:url\" content=\"https:\/\/www.paysdegrassetourisme.fr\/it\/imperdibili\/chemins-parfumes-unesco\/momenti-esclusivi-estivi\/\" \/>\n<meta property=\"og:site_name\" content=\"Pays de Grasse Tourisme\" \/>\n<meta property=\"article:modified_time\" content=\"2025-02-07T13:37:08+00:00\" \/>\n<meta property=\"og:image\" content=\"https:\/\/www.paysdegrassetourisme.fr\/wp-content\/uploads\/2024\/09\/Sans-titre-1.png\" \/>\n\t<meta property=\"og:image:width\" content=\"940\" \/>\n\t<meta property=\"og:image:height\" content=\"788\" \/>\n\t<meta property=\"og:image:type\" content=\"image\/png\" \/>\n<meta name=\"twitter:card\" content=\"summary_large_image\" \/>\n<script type=\"application\/ld+json\" class=\"yoast-schema-graph\">{\"@context\":\"https:\/\/schema.org\",\"@graph\":[{\"@type\":\"WebPage\",\"@id\":\"https:\/\/www.paysdegrassetourisme.fr\/it\/imperdibili\/chemins-parfumes-unesco\/momenti-esclusivi-estivi\/\",\"url\":\"https:\/\/www.paysdegrassetourisme.fr\/it\/imperdibili\/chemins-parfumes-unesco\/momenti-esclusivi-estivi\/\",\"name\":\"Momenti esclusivi estivi - Pays de Grasse Tourisme\",\"isPartOf\":{\"@id\":\"https:\/\/paysdegrassetourisme.fr\/#website\"},\"primaryImageOfPage\":{\"@id\":\"https:\/\/www.paysdegrassetourisme.fr\/it\/imperdibili\/chemins-parfumes-unesco\/momenti-esclusivi-estivi\/#primaryimage\"},\"image\":{\"@id\":\"https:\/\/www.paysdegrassetourisme.fr\/it\/imperdibili\/chemins-parfumes-unesco\/momenti-esclusivi-estivi\/#primaryimage\"},\"thumbnailUrl\":\"https:\/\/www.paysdegrassetourisme.fr\/wp-content\/uploads\/2024\/09\/Sans-titre-1.png\",\"datePublished\":\"2024-10-03T08:43:43+00:00\",\"dateModified\":\"2025-02-07T13:37:08+00:00\",\"description\":\"Esplora i sentieri profumati e la ricchezza dei profumi! Un'avventura sensoriale iscritta al patrimonio dell'UNESCO e nel cuore della natura.\",\"breadcrumb\":{\"@id\":\"https:\/\/www.paysdegrassetourisme.fr\/it\/imperdibili\/chemins-parfumes-unesco\/momenti-esclusivi-estivi\/#breadcrumb\"},\"inLanguage\":\"it-IT\",\"potentialAction\":[{\"@type\":\"ReadAction\",\"target\":[\"https:\/\/www.paysdegrassetourisme.fr\/it\/imperdibili\/chemins-parfumes-unesco\/momenti-esclusivi-estivi\/\"]}]},{\"@type\":\"ImageObject\",\"inLanguage\":\"it-IT\",\"@id\":\"https:\/\/www.paysdegrassetourisme.fr\/it\/imperdibili\/chemins-parfumes-unesco\/momenti-esclusivi-estivi\/#primaryimage\",\"url\":\"https:\/\/www.paysdegrassetourisme.fr\/wp-content\/uploads\/2024\/09\/Sans-titre-1.png\",\"contentUrl\":\"https:\/\/www.paysdegrassetourisme.fr\/wp-content\/uploads\/2024\/09\/Sans-titre-1.png\",\"width\":940,\"height\":788},{\"@type\":\"BreadcrumbList\",\"@id\":\"https:\/\/www.paysdegrassetourisme.fr\/it\/imperdibili\/chemins-parfumes-unesco\/momenti-esclusivi-estivi\/#breadcrumb\",\"itemListElement\":[{\"@type\":\"ListItem\",\"position\":1,\"name\":\"Accueil\",\"item\":\"https:\/\/www.paysdegrassetourisme.fr\/it\/\"},{\"@type\":\"ListItem\",\"position\":2,\"name\":\"Imperdibili\",\"item\":\"https:\/\/www.paysdegrassetourisme.fr\/it\/imperdibili\/\"},{\"@type\":\"ListItem\",\"position\":3,\"name\":\"Chemins Parfum\u00e9s UNESCO\",\"item\":\"https:\/\/www.paysdegrassetourisme.fr\/it\/imperdibili\/chemins-parfumes-unesco\/\"},{\"@type\":\"ListItem\",\"position\":4,\"name\":\"Momenti esclusivi estivi\"}]},{\"@type\":\"WebSite\",\"@id\":\"https:\/\/paysdegrassetourisme.fr\/#website\",\"url\":\"https:\/\/paysdegrassetourisme.fr\/\",\"name\":\"Pays de Grasse Tourisme\",\"description\":\"\",\"publisher\":{\"@id\":\"https:\/\/paysdegrassetourisme.fr\/#organization\"},\"potentialAction\":[{\"@type\":\"SearchAction\",\"target\":{\"@type\":\"EntryPoint\",\"urlTemplate\":\"https:\/\/paysdegrassetourisme.fr\/?s={search_term_string}\"},\"query-input\":{\"@type\":\"PropertyValueSpecification\",\"valueRequired\":true,\"valueName\":\"search_term_string\"}}],\"inLanguage\":\"it-IT\"},{\"@type\":\"Organization\",\"@id\":\"https:\/\/paysdegrassetourisme.fr\/#organization\",\"name\":\"Pays de Grasse Tourisme\",\"url\":\"https:\/\/paysdegrassetourisme.fr\/\",\"logo\":{\"@type\":\"ImageObject\",\"inLanguage\":\"it-IT\",\"@id\":\"https:\/\/paysdegrassetourisme.fr\/#\/schema\/logo\/image\/\",\"url\":\"https:\/\/www.paysdegrassetourisme.fr\/wp-content\/uploads\/2024\/05\/favicon.png\",\"contentUrl\":\"https:\/\/www.paysdegrassetourisme.fr\/wp-content\/uploads\/2024\/05\/favicon.png\",\"width\":512,\"height\":512,\"caption\":\"Pays de Grasse Tourisme\"},\"image\":{\"@id\":\"https:\/\/paysdegrassetourisme.fr\/#\/schema\/logo\/image\/\"}}]}<\/script>\n<!-- \/ Yoast SEO plugin. -->","yoast_head_json":{"title":"Momenti esclusivi estivi - Pays de Grasse Tourisme","description":"Esplora i sentieri profumati e la ricchezza dei profumi! Un'avventura sensoriale iscritta al patrimonio dell'UNESCO e nel cuore della natura.","robots":{"index":"index","follow":"follow","max-snippet":"max-snippet:-1","max-image-preview":"max-image-preview:large","max-video-preview":"max-video-preview:-1"},"canonical":"https:\/\/www.paysdegrassetourisme.fr\/it\/imperdibili\/chemins-parfumes-unesco\/momenti-esclusivi-estivi\/","og_locale":"it_IT","og_type":"article","og_title":"Momenti esclusivi estivi - Pays de Grasse Tourisme","og_description":"Esplora i sentieri profumati e la ricchezza dei profumi! Un'avventura sensoriale iscritta al patrimonio dell'UNESCO e nel cuore della natura.","og_url":"https:\/\/www.paysdegrassetourisme.fr\/it\/imperdibili\/chemins-parfumes-unesco\/momenti-esclusivi-estivi\/","og_site_name":"Pays de Grasse Tourisme","article_modified_time":"2025-02-07T13:37:08+00:00","og_image":[{"width":940,"height":788,"url":"https:\/\/www.paysdegrassetourisme.fr\/wp-content\/uploads\/2024\/09\/Sans-titre-1.png","type":"image\/png"}],"twitter_card":"summary_large_image","schema":{"@context":"https:\/\/schema.org","@graph":[{"@type":"WebPage","@id":"https:\/\/www.paysdegrassetourisme.fr\/it\/imperdibili\/chemins-parfumes-unesco\/momenti-esclusivi-estivi\/","url":"https:\/\/www.paysdegrassetourisme.fr\/it\/imperdibili\/chemins-parfumes-unesco\/momenti-esclusivi-estivi\/","name":"Momenti esclusivi estivi - Pays de Grasse Tourisme","isPartOf":{"@id":"https:\/\/paysdegrassetourisme.fr\/#website"},"primaryImageOfPage":{"@id":"https:\/\/www.paysdegrassetourisme.fr\/it\/imperdibili\/chemins-parfumes-unesco\/momenti-esclusivi-estivi\/#primaryimage"},"image":{"@id":"https:\/\/www.paysdegrassetourisme.fr\/it\/imperdibili\/chemins-parfumes-unesco\/momenti-esclusivi-estivi\/#primaryimage"},"thumbnailUrl":"https:\/\/www.paysdegrassetourisme.fr\/wp-content\/uploads\/2024\/09\/Sans-titre-1.png","datePublished":"2024-10-03T08:43:43+00:00","dateModified":"2025-02-07T13:37:08+00:00","description":"Esplora i sentieri profumati e la ricchezza dei profumi! Un'avventura sensoriale iscritta al patrimonio dell'UNESCO e nel cuore della natura.","breadcrumb":{"@id":"https:\/\/www.paysdegrassetourisme.fr\/it\/imperdibili\/chemins-parfumes-unesco\/momenti-esclusivi-estivi\/#breadcrumb"},"inLanguage":"it-IT","potentialAction":[{"@type":"ReadAction","target":["https:\/\/www.paysdegrassetourisme.fr\/it\/imperdibili\/chemins-parfumes-unesco\/momenti-esclusivi-estivi\/"]}]},{"@type":"ImageObject","inLanguage":"it-IT","@id":"https:\/\/www.paysdegrassetourisme.fr\/it\/imperdibili\/chemins-parfumes-unesco\/momenti-esclusivi-estivi\/#primaryimage","url":"https:\/\/www.paysdegrassetourisme.fr\/wp-content\/uploads\/2024\/09\/Sans-titre-1.png","contentUrl":"https:\/\/www.paysdegrassetourisme.fr\/wp-content\/uploads\/2024\/09\/Sans-titre-1.png","width":940,"height":788},{"@type":"BreadcrumbList","@id":"https:\/\/www.paysdegrassetourisme.fr\/it\/imperdibili\/chemins-parfumes-unesco\/momenti-esclusivi-estivi\/#breadcrumb","itemListElement":[{"@type":"ListItem","position":1,"name":"Accueil","item":"https:\/\/www.paysdegrassetourisme.fr\/it\/"},{"@type":"ListItem","position":2,"name":"Imperdibili","item":"https:\/\/www.paysdegrassetourisme.fr\/it\/imperdibili\/"},{"@type":"ListItem","position":3,"name":"Chemins Parfum\u00e9s UNESCO","item":"https:\/\/www.paysdegrassetourisme.fr\/it\/imperdibili\/chemins-parfumes-unesco\/"},{"@type":"ListItem","position":4,"name":"Momenti esclusivi estivi"}]},{"@type":"WebSite","@id":"https:\/\/paysdegrassetourisme.fr\/#website","url":"https:\/\/paysdegrassetourisme.fr\/","name":"Pays de Grasse Tourisme","description":"","publisher":{"@id":"https:\/\/paysdegrassetourisme.fr\/#organization"},"potentialAction":[{"@type":"SearchAction","target":{"@type":"EntryPoint","urlTemplate":"https:\/\/paysdegrassetourisme.fr\/?s={search_term_string}"},"query-input":{"@type":"PropertyValueSpecification","valueRequired":true,"valueName":"search_term_string"}}],"inLanguage":"it-IT"},{"@type":"Organization","@id":"https:\/\/paysdegrassetourisme.fr\/#organization","name":"Pays de Grasse Tourisme","url":"https:\/\/paysdegrassetourisme.fr\/","logo":{"@type":"ImageObject","inLanguage":"it-IT","@id":"https:\/\/paysdegrassetourisme.fr\/#\/schema\/logo\/image\/","url":"https:\/\/www.paysdegrassetourisme.fr\/wp-content\/uploads\/2024\/05\/favicon.png","contentUrl":"https:\/\/www.paysdegrassetourisme.fr\/wp-content\/uploads\/2024\/05\/favicon.png","width":512,"height":512,"caption":"Pays de Grasse Tourisme"},"image":{"@id":"https:\/\/paysdegrassetourisme.fr\/#\/schema\/logo\/image\/"}}]}},"_links":{"self":[{"href":"https:\/\/www.paysdegrassetourisme.fr\/it\/wp-json\/wp\/v2\/pages\/12224","targetHints":{"allow":["GET"]}}],"collection":[{"href":"https:\/\/www.paysdegrassetourisme.fr\/it\/wp-json\/wp\/v2\/pages"}],"about":[{"href":"https:\/\/www.paysdegrassetourisme.fr\/it\/wp-json\/wp\/v2\/types\/page"}],"author":[{"embeddable":true,"href":"https:\/\/www.paysdegrassetourisme.fr\/it\/wp-json\/wp\/v2\/users\/4"}],"replies":[{"embeddable":true,"href":"https:\/\/www.paysdegrassetourisme.fr\/it\/wp-json\/wp\/v2\/comments?post=12224"}],"version-history":[{"count":1,"href":"https:\/\/www.paysdegrassetourisme.fr\/it\/wp-json\/wp\/v2\/pages\/12224\/revisions"}],"predecessor-version":[{"id":12225,"href":"https:\/\/www.paysdegrassetourisme.fr\/it\/wp-json\/wp\/v2\/pages\/12224\/revisions\/12225"}],"up":[{"embeddable":true,"href":"https:\/\/www.paysdegrassetourisme.fr\/it\/wp-json\/wp\/v2\/pages\/12070"}],"wp:featuredmedia":[{"embeddable":true,"href":"https:\/\/www.paysdegrassetourisme.fr\/it\/wp-json\/wp\/v2\/media\/6058"}],"wp:attachment":[{"href":"https:\/\/www.paysdegrassetourisme.fr\/it\/wp-json\/wp\/v2\/media?parent=12224"}],"curies":[{"name":"wp","href":"https:\/\/api.w.org\/{rel}","templated":true}]}}