{"id":12529,"date":"2024-09-27T10:56:21","date_gmt":"2024-09-27T08:56:21","guid":{"rendered":"https:\/\/www.paysdegrassetourisme.fr\/?page_id=12529"},"modified":"2025-02-13T15:27:33","modified_gmt":"2025-02-13T14:27:33","slug":"le-tignet","status":"publish","type":"page","link":"https:\/\/www.paysdegrassetourisme.fr\/it\/imperdibili\/i-villaggi-della-provenza\/le-tignet\/","title":{"rendered":"Le Tignet"},"content":{"rendered":"","protected":false},"excerpt":{"rendered":"","protected":false},"author":4,"featured_media":4993,"parent":12065,"menu_order":0,"comment_status":"closed","ping_status":"closed","template":"","meta":{"_acf_changed":false,"footnotes":""},"class_list":["post-12529","page","type-page","status-publish","has-post-thumbnail","hentry"],"acf":{"contenu":[{"ligne":[{"col":"2","container":"normal","display_on":"any","background":"pink","alignment":true,"blocs":[{"acf_fc_layout":"project-custom-texte","texte":"<h1 style=\"text-align: center;\">Le Tignet<\/h1>\n<p style=\"text-align: center;\">Il limite occidentale del dipartimento, il comune di Tignet \u00e8 separato dal dipartimento del Var dalla Siagne. Un ambiente privilegiato sul balcone della Costa Azzurra fa di questo villaggio provenzale una calamita che attrae da pi\u00f9 di trent&#8217;anni numerosi amanti della calma provenienti da vari orizzonti.<\/p>\n<p style=\"text-align: center;\">L&#8217;antico villaggio rannicchiato intorno all&#8217;antica chiesa di Saint-Hilaire domina con discrezione un paesaggio che si estende dal lago di Saint-Cassien a Grasse passando per le isole di L\u00e9rins.<\/p>\n<p style=\"text-align: center;\">Numerosi itinerari in bicicletta passano per il comune di Tignet, in particolare le strade EuroV\u00e9lo&#8230;<\/p>\n<p style=\"text-align: center;\">Percorsi che permettono agli appassionati di bicicletta di godere di paesaggi sublimi, percorrendo una vecchia ferrovia o costeggiando un canale o le rive della Siagne&#8230;<\/p>\n"},{"acf_fc_layout":"project-custom-image","image":4993,"nocrop":false}]}]},{"ligne":[{"col":"2","container":"normal","display_on":"any","background":"blue","alignment":true,"blocs":[{"acf_fc_layout":"project-custom-image","image":6107,"nocrop":false},{"acf_fc_layout":"project-custom-texte","texte":"<h2 style=\"text-align: center;\">Gli imperdibili<\/h2>\n<h3 style=\"text-align: center;\">La piazzetta del vecchio villaggio<\/h3>\n<p style=\"text-align: center;\">A pochi metri dall&#8217;antica chiesa parrocchiale, offre una vista maestosa che si estende dal lago di Saint-Cassien a Grasse passando per la pianura di Cannes e il massiccio del Tanneron. Con il tempo sereno \u00e8 anche possibile vedere le Alpi del confine italiano e la cima del Monte Cinto, punto pi\u00f9 alto della Corsica.<\/p>\n<h3 style=\"text-align: center;\">L&#8217;antica chiesa parrocchiale di Saint-Hilaire<\/h3>\n<p style=\"text-align: center;\"><span style=\"font-size: medium;\">Il Tignet rimase per molti anni senza luogo di culto, costringendo gli abitanti del comune a recarsi a Cabris per partecipare alla messa. Fu solo nel 1714 che fu costruita la chiesa del vecchio villaggio, come testimonia l&#8217;iscrizione sulla campana pi\u00f9 piccola. Quest&#8217;ultima \u00e8 dedicata a Saint-Hilaire proprio come lo era, a quanto pare, l&#8217;antica cappella del vecchio villaggio. La chiesa parrocchiale divenne in seguito fatiscente e troppo piccola per accogliere la popolazione sempre pi\u00f9 numerosa a partire dal 1950. La chiesa di Saint-Jean de Cassien \u00e8 stata costruita in Val du Tignet nel 2003.<\/span><\/p>\n"}]}]},{"ligne":[{"col":"1","container":"normal","display_on":"any","background":"white","alignment":true,"blocs":[{"acf_fc_layout":"project-custom-slider","title":"Galleria fotografica","background_text":"Le Tignet","images":[6070,6078,6090,6082]}]}]},{"ligne":[{"col":"1","container":"normal","display_on":"any","background":"white","alignment":true,"blocs":[{"acf_fc_layout":"project-custom-texte","texte":"<h2 style=\"text-align: center;\">Informazioni pratiche<\/h2>\n"}]}]},{"ligne":[{"col":"2","container":"normal","display_on":"any","background":"white","alignment":true,"blocs":[{"acf_fc_layout":"project-custom-texte","texte":"<h3 style=\"text-align: center;\">Attivit\u00e0 e luoghi di visita<\/h3>\n<p style=\"text-align: center;\">Piazza del vecchio villaggio<\/p>\n<p style=\"text-align: center;\">Antica chiesa parrocchiale di Saint-Hilaire<\/p>\n<p style=\"text-align: center;\"><a href=\"https:\/\/www.paysdegrassetourisme.fr\/imaginons-votre-sejour\/randonner\/\">Escursioni a piedi<\/a><\/p>\n<p style=\"text-align: center;\"><a href=\"https:\/\/www.paysdegrassetourisme.fr\/imaginons-votre-sejour\/se-defouler\/velo-vtt\/\">MTB<\/a><\/p>\n<p style=\"text-align: center;\"><a href=\"https:\/\/www.paysdegrassetourisme.fr\/balade-dans-le-val-de-siagne-6152846\/\">La Siagne<\/a><\/p>\n"},{"acf_fc_layout":"project-custom-texte","texte":"<h3 style=\"text-align: center;\">Appuntamenti annuali<\/h3>\n<h5 style=\"text-align: center;\">Luglio<\/h5>\n<p style=\"text-align: center;\">F\u00eate patronale de la Saint-Hilaire<\/p>\n"}]}]}],"backoffice_post_title":"Villaggi provenzali - Le Tignet","picto":false,"image_en_header":4993,"hide_h1":true},"yoast_head":"<!-- This site is optimized with the Yoast SEO plugin v27.1.1 - https:\/\/yoast.com\/product\/yoast-seo-wordpress\/ -->\n<title>Le Tignet - Pays de Grasse Tourisme<\/title>\n<meta name=\"description\" content=\"Un environnement privil\u00e9gi\u00e9 sur le balcon de la C\u00f4te d&#039;Azur fait de ce village proven\u00e7al un aimant qui attire de nombreux amateurs de calme.\" \/>\n<meta name=\"robots\" content=\"index, follow, max-snippet:-1, max-image-preview:large, max-video-preview:-1\" \/>\n<link rel=\"canonical\" href=\"https:\/\/www.paysdegrassetourisme.fr\/it\/imperdibili\/i-villaggi-della-provenza\/le-tignet\/\" \/>\n<meta property=\"og:locale\" content=\"it_IT\" \/>\n<meta property=\"og:type\" content=\"article\" \/>\n<meta property=\"og:title\" content=\"Le Tignet - Pays de Grasse Tourisme\" \/>\n<meta property=\"og:description\" content=\"Un environnement privil\u00e9gi\u00e9 sur le balcon de la C\u00f4te d&#039;Azur fait de ce village proven\u00e7al un aimant qui attire de nombreux amateurs de calme.\" \/>\n<meta property=\"og:url\" content=\"https:\/\/www.paysdegrassetourisme.fr\/it\/imperdibili\/i-villaggi-della-provenza\/le-tignet\/\" \/>\n<meta property=\"og:site_name\" content=\"Pays de Grasse Tourisme\" \/>\n<meta property=\"article:modified_time\" content=\"2025-02-13T14:27:33+00:00\" \/>\n<meta property=\"og:image\" content=\"https:\/\/www.paysdegrassetourisme.fr\/wp-content\/uploads\/2024\/09\/LeTignet_0.jpg\" \/>\n\t<meta property=\"og:image:width\" content=\"1300\" \/>\n\t<meta property=\"og:image:height\" content=\"833\" \/>\n\t<meta property=\"og:image:type\" content=\"image\/jpeg\" \/>\n<meta name=\"twitter:card\" content=\"summary_large_image\" \/>\n<script type=\"application\/ld+json\" class=\"yoast-schema-graph\">{\"@context\":\"https:\/\/schema.org\",\"@graph\":[{\"@type\":\"WebPage\",\"@id\":\"https:\/\/www.paysdegrassetourisme.fr\/it\/imperdibili\/i-villaggi-della-provenza\/le-tignet\/\",\"url\":\"https:\/\/www.paysdegrassetourisme.fr\/it\/imperdibili\/i-villaggi-della-provenza\/le-tignet\/\",\"name\":\"Le Tignet - Pays de Grasse Tourisme\",\"isPartOf\":{\"@id\":\"https:\/\/paysdegrassetourisme.fr\/#website\"},\"primaryImageOfPage\":{\"@id\":\"https:\/\/www.paysdegrassetourisme.fr\/it\/imperdibili\/i-villaggi-della-provenza\/le-tignet\/#primaryimage\"},\"image\":{\"@id\":\"https:\/\/www.paysdegrassetourisme.fr\/it\/imperdibili\/i-villaggi-della-provenza\/le-tignet\/#primaryimage\"},\"thumbnailUrl\":\"https:\/\/www.paysdegrassetourisme.fr\/wp-content\/uploads\/2024\/09\/LeTignet_0.jpg\",\"datePublished\":\"2024-09-27T08:56:21+00:00\",\"dateModified\":\"2025-02-13T14:27:33+00:00\",\"description\":\"Un environnement privil\u00e9gi\u00e9 sur le balcon de la C\u00f4te d'Azur fait de ce village proven\u00e7al un aimant qui attire de nombreux amateurs de calme.\",\"breadcrumb\":{\"@id\":\"https:\/\/www.paysdegrassetourisme.fr\/it\/imperdibili\/i-villaggi-della-provenza\/le-tignet\/#breadcrumb\"},\"inLanguage\":\"it-IT\",\"potentialAction\":[{\"@type\":\"ReadAction\",\"target\":[\"https:\/\/www.paysdegrassetourisme.fr\/it\/imperdibili\/i-villaggi-della-provenza\/le-tignet\/\"]}]},{\"@type\":\"ImageObject\",\"inLanguage\":\"it-IT\",\"@id\":\"https:\/\/www.paysdegrassetourisme.fr\/it\/imperdibili\/i-villaggi-della-provenza\/le-tignet\/#primaryimage\",\"url\":\"https:\/\/www.paysdegrassetourisme.fr\/wp-content\/uploads\/2024\/09\/LeTignet_0.jpg\",\"contentUrl\":\"https:\/\/www.paysdegrassetourisme.fr\/wp-content\/uploads\/2024\/09\/LeTignet_0.jpg\",\"width\":1300,\"height\":833},{\"@type\":\"BreadcrumbList\",\"@id\":\"https:\/\/www.paysdegrassetourisme.fr\/it\/imperdibili\/i-villaggi-della-provenza\/le-tignet\/#breadcrumb\",\"itemListElement\":[{\"@type\":\"ListItem\",\"position\":1,\"name\":\"Accueil\",\"item\":\"https:\/\/www.paysdegrassetourisme.fr\/it\/\"},{\"@type\":\"ListItem\",\"position\":2,\"name\":\"Imperdibili\",\"item\":\"https:\/\/www.paysdegrassetourisme.fr\/it\/imperdibili\/\"},{\"@type\":\"ListItem\",\"position\":3,\"name\":\"I villaggi della Provenza\",\"item\":\"https:\/\/www.paysdegrassetourisme.fr\/it\/imperdibili\/i-villaggi-della-provenza\/\"},{\"@type\":\"ListItem\",\"position\":4,\"name\":\"Le Tignet\"}]},{\"@type\":\"WebSite\",\"@id\":\"https:\/\/paysdegrassetourisme.fr\/#website\",\"url\":\"https:\/\/paysdegrassetourisme.fr\/\",\"name\":\"Pays de Grasse Tourisme\",\"description\":\"\",\"publisher\":{\"@id\":\"https:\/\/paysdegrassetourisme.fr\/#organization\"},\"potentialAction\":[{\"@type\":\"SearchAction\",\"target\":{\"@type\":\"EntryPoint\",\"urlTemplate\":\"https:\/\/paysdegrassetourisme.fr\/?s={search_term_string}\"},\"query-input\":{\"@type\":\"PropertyValueSpecification\",\"valueRequired\":true,\"valueName\":\"search_term_string\"}}],\"inLanguage\":\"it-IT\"},{\"@type\":\"Organization\",\"@id\":\"https:\/\/paysdegrassetourisme.fr\/#organization\",\"name\":\"Pays de Grasse Tourisme\",\"url\":\"https:\/\/paysdegrassetourisme.fr\/\",\"logo\":{\"@type\":\"ImageObject\",\"inLanguage\":\"it-IT\",\"@id\":\"https:\/\/paysdegrassetourisme.fr\/#\/schema\/logo\/image\/\",\"url\":\"https:\/\/www.paysdegrassetourisme.fr\/wp-content\/uploads\/2024\/05\/favicon.png\",\"contentUrl\":\"https:\/\/www.paysdegrassetourisme.fr\/wp-content\/uploads\/2024\/05\/favicon.png\",\"width\":512,\"height\":512,\"caption\":\"Pays de Grasse Tourisme\"},\"image\":{\"@id\":\"https:\/\/paysdegrassetourisme.fr\/#\/schema\/logo\/image\/\"}}]}<\/script>\n<!-- \/ Yoast SEO plugin. -->","yoast_head_json":{"title":"Le Tignet - Pays de Grasse Tourisme","description":"Un environnement privil\u00e9gi\u00e9 sur le balcon de la C\u00f4te d'Azur fait de ce village proven\u00e7al un aimant qui attire de nombreux amateurs de calme.","robots":{"index":"index","follow":"follow","max-snippet":"max-snippet:-1","max-image-preview":"max-image-preview:large","max-video-preview":"max-video-preview:-1"},"canonical":"https:\/\/www.paysdegrassetourisme.fr\/it\/imperdibili\/i-villaggi-della-provenza\/le-tignet\/","og_locale":"it_IT","og_type":"article","og_title":"Le Tignet - Pays de Grasse Tourisme","og_description":"Un environnement privil\u00e9gi\u00e9 sur le balcon de la C\u00f4te d'Azur fait de ce village proven\u00e7al un aimant qui attire de nombreux amateurs de calme.","og_url":"https:\/\/www.paysdegrassetourisme.fr\/it\/imperdibili\/i-villaggi-della-provenza\/le-tignet\/","og_site_name":"Pays de Grasse Tourisme","article_modified_time":"2025-02-13T14:27:33+00:00","og_image":[{"width":1300,"height":833,"url":"https:\/\/www.paysdegrassetourisme.fr\/wp-content\/uploads\/2024\/09\/LeTignet_0.jpg","type":"image\/jpeg"}],"twitter_card":"summary_large_image","schema":{"@context":"https:\/\/schema.org","@graph":[{"@type":"WebPage","@id":"https:\/\/www.paysdegrassetourisme.fr\/it\/imperdibili\/i-villaggi-della-provenza\/le-tignet\/","url":"https:\/\/www.paysdegrassetourisme.fr\/it\/imperdibili\/i-villaggi-della-provenza\/le-tignet\/","name":"Le Tignet - Pays de Grasse Tourisme","isPartOf":{"@id":"https:\/\/paysdegrassetourisme.fr\/#website"},"primaryImageOfPage":{"@id":"https:\/\/www.paysdegrassetourisme.fr\/it\/imperdibili\/i-villaggi-della-provenza\/le-tignet\/#primaryimage"},"image":{"@id":"https:\/\/www.paysdegrassetourisme.fr\/it\/imperdibili\/i-villaggi-della-provenza\/le-tignet\/#primaryimage"},"thumbnailUrl":"https:\/\/www.paysdegrassetourisme.fr\/wp-content\/uploads\/2024\/09\/LeTignet_0.jpg","datePublished":"2024-09-27T08:56:21+00:00","dateModified":"2025-02-13T14:27:33+00:00","description":"Un environnement privil\u00e9gi\u00e9 sur le balcon de la C\u00f4te d'Azur fait de ce village proven\u00e7al un aimant qui attire de nombreux amateurs de calme.","breadcrumb":{"@id":"https:\/\/www.paysdegrassetourisme.fr\/it\/imperdibili\/i-villaggi-della-provenza\/le-tignet\/#breadcrumb"},"inLanguage":"it-IT","potentialAction":[{"@type":"ReadAction","target":["https:\/\/www.paysdegrassetourisme.fr\/it\/imperdibili\/i-villaggi-della-provenza\/le-tignet\/"]}]},{"@type":"ImageObject","inLanguage":"it-IT","@id":"https:\/\/www.paysdegrassetourisme.fr\/it\/imperdibili\/i-villaggi-della-provenza\/le-tignet\/#primaryimage","url":"https:\/\/www.paysdegrassetourisme.fr\/wp-content\/uploads\/2024\/09\/LeTignet_0.jpg","contentUrl":"https:\/\/www.paysdegrassetourisme.fr\/wp-content\/uploads\/2024\/09\/LeTignet_0.jpg","width":1300,"height":833},{"@type":"BreadcrumbList","@id":"https:\/\/www.paysdegrassetourisme.fr\/it\/imperdibili\/i-villaggi-della-provenza\/le-tignet\/#breadcrumb","itemListElement":[{"@type":"ListItem","position":1,"name":"Accueil","item":"https:\/\/www.paysdegrassetourisme.fr\/it\/"},{"@type":"ListItem","position":2,"name":"Imperdibili","item":"https:\/\/www.paysdegrassetourisme.fr\/it\/imperdibili\/"},{"@type":"ListItem","position":3,"name":"I villaggi della Provenza","item":"https:\/\/www.paysdegrassetourisme.fr\/it\/imperdibili\/i-villaggi-della-provenza\/"},{"@type":"ListItem","position":4,"name":"Le Tignet"}]},{"@type":"WebSite","@id":"https:\/\/paysdegrassetourisme.fr\/#website","url":"https:\/\/paysdegrassetourisme.fr\/","name":"Pays de Grasse Tourisme","description":"","publisher":{"@id":"https:\/\/paysdegrassetourisme.fr\/#organization"},"potentialAction":[{"@type":"SearchAction","target":{"@type":"EntryPoint","urlTemplate":"https:\/\/paysdegrassetourisme.fr\/?s={search_term_string}"},"query-input":{"@type":"PropertyValueSpecification","valueRequired":true,"valueName":"search_term_string"}}],"inLanguage":"it-IT"},{"@type":"Organization","@id":"https:\/\/paysdegrassetourisme.fr\/#organization","name":"Pays de Grasse Tourisme","url":"https:\/\/paysdegrassetourisme.fr\/","logo":{"@type":"ImageObject","inLanguage":"it-IT","@id":"https:\/\/paysdegrassetourisme.fr\/#\/schema\/logo\/image\/","url":"https:\/\/www.paysdegrassetourisme.fr\/wp-content\/uploads\/2024\/05\/favicon.png","contentUrl":"https:\/\/www.paysdegrassetourisme.fr\/wp-content\/uploads\/2024\/05\/favicon.png","width":512,"height":512,"caption":"Pays de Grasse Tourisme"},"image":{"@id":"https:\/\/paysdegrassetourisme.fr\/#\/schema\/logo\/image\/"}}]}},"_links":{"self":[{"href":"https:\/\/www.paysdegrassetourisme.fr\/it\/wp-json\/wp\/v2\/pages\/12529","targetHints":{"allow":["GET"]}}],"collection":[{"href":"https:\/\/www.paysdegrassetourisme.fr\/it\/wp-json\/wp\/v2\/pages"}],"about":[{"href":"https:\/\/www.paysdegrassetourisme.fr\/it\/wp-json\/wp\/v2\/types\/page"}],"author":[{"embeddable":true,"href":"https:\/\/www.paysdegrassetourisme.fr\/it\/wp-json\/wp\/v2\/users\/4"}],"replies":[{"embeddable":true,"href":"https:\/\/www.paysdegrassetourisme.fr\/it\/wp-json\/wp\/v2\/comments?post=12529"}],"version-history":[{"count":1,"href":"https:\/\/www.paysdegrassetourisme.fr\/it\/wp-json\/wp\/v2\/pages\/12529\/revisions"}],"predecessor-version":[{"id":12530,"href":"https:\/\/www.paysdegrassetourisme.fr\/it\/wp-json\/wp\/v2\/pages\/12529\/revisions\/12530"}],"up":[{"embeddable":true,"href":"https:\/\/www.paysdegrassetourisme.fr\/it\/wp-json\/wp\/v2\/pages\/12065"}],"wp:featuredmedia":[{"embeddable":true,"href":"https:\/\/www.paysdegrassetourisme.fr\/it\/wp-json\/wp\/v2\/media\/4993"}],"wp:attachment":[{"href":"https:\/\/www.paysdegrassetourisme.fr\/it\/wp-json\/wp\/v2\/media?parent=12529"}],"curies":[{"name":"wp","href":"https:\/\/api.w.org\/{rel}","templated":true}]}}