{"id":12555,"date":"2024-09-30T11:30:47","date_gmt":"2024-09-30T09:30:47","guid":{"rendered":"https:\/\/www.paysdegrassetourisme.fr\/?page_id=12555"},"modified":"2025-02-13T16:28:42","modified_gmt":"2025-02-13T15:28:42","slug":"grasse","status":"publish","type":"page","link":"https:\/\/www.paysdegrassetourisme.fr\/it\/imperdibili\/i-villaggi-della-provenza\/grasse\/","title":{"rendered":"Grasse"},"content":{"rendered":"","protected":false},"excerpt":{"rendered":"","protected":false},"author":4,"featured_media":2711,"parent":12065,"menu_order":0,"comment_status":"closed","ping_status":"closed","template":"","meta":{"_acf_changed":false,"footnotes":""},"class_list":["post-12555","page","type-page","status-publish","has-post-thumbnail","hentry"],"acf":{"contenu":[{"ligne":[{"col":"2","container":"normal","display_on":"any","background":"pink","alignment":true,"blocs":[{"acf_fc_layout":"project-custom-texte","texte":"<h1 style=\"text-align: center;\">Grasse<\/h1>\n<p style=\"text-align: center;\">Capitale mondiale dei profumi, citt\u00e0 dell&#8217;XI secolo, uno dei pi\u00f9 bei balconi sul Mediterraneo dove si coltiva l&#8217;arte dell&#8217;essenziale.<\/p>\n<p style=\"text-align: center;\">Cattedrale e palazzo episcopale del XIII secolo, palazzi del XVII e XVIII secolo, vicoli e fontane, panorami mozzafiato: Grasse sorprende e affascina, si scopre e seduce.<\/p>\n<p style=\"text-align: center;\">E se desiderate entrare nel mondo cos\u00ec misterioso del profumo, una sosta \u00e8 d&#8217;obbligo a Grasse con il culmine di una visita al Museo Internazionale della Profumeria alla scoperta della storia mondiale del profumo.<\/p>\n<p style=\"text-align: center;\">Continuate questo favoloso viaggio imparando a quest&#8217;arte creando il vostro profumo in una delle nostre profumerie.<\/p>\n"},{"acf_fc_layout":"project-custom-image","image":4405,"nocrop":false}]}]},{"ligne":[{"col":"2","container":"normal","display_on":"any","background":"blue","alignment":true,"blocs":[{"acf_fc_layout":"project-custom-image","image":4377,"nocrop":false},{"acf_fc_layout":"project-custom-texte","texte":"<h2 style=\"text-align: center;\">Gli imperdibili<\/h2>\n<p style=\"text-align: center;\">Immergetevi nell&#8217;universo inebriante di Grasse, la citt\u00e0 del profumo, e lasciatevi sedurre dai suoi giardini, dai suoi musei e dal suo know-how eccezionale che risveglieranno tutti i vostri sensi.<\/p>\n<p style=\"text-align: center;\"><a class=\"btn btn-1\" href=\"https:\/\/www.paysdegrassetourisme.fr\/imaginons-votre-sejour\/visiter-grasse\/\">scopri di pi\u00f9<\/a><\/p>\n<p style=\"text-align: center;\">\n"}]}]},{"ligne":[{"col":"1","container":"normal","display_on":"any","background":"white","alignment":true,"blocs":[{"acf_fc_layout":"project-custom-slider","title":"Galleria fotografica","background_text":"Grasse","images":[7048,7061,7065,7070,7074,7078,7098,7106,7126,7135,7139,7143,7147,7155,7203,7212,7216,7228,7240,7249,7253,7257,7261,7265,7273,7277,7281,7298,7306,7314,7318,7335,7339,7343,7347,7351,7363,7371,7375,7387,7391,7399,7403,7407,7411,7419,7440,7444,7448,7478,7495,7512,7520,7537,7541,7545,7554,7570,7574,4385,4381,3022,4413,4441,4445]}]}]},{"ligne":[{"col":"1","container":"normal","display_on":"any","background":"white","alignment":true,"blocs":[{"acf_fc_layout":"project-custom-texte","texte":"<h2 style=\"text-align: center;\">Informazioni pratiche<\/h2>\n"}]}]},{"ligne":[{"col":"3","container":"normal","display_on":"any","background":"white","alignment":true,"blocs":[{"acf_fc_layout":"project-custom-texte","texte":"<h3 style=\"text-align: center;\">Attivit\u00e0 e luoghi di visita<\/h3>\n<p style=\"text-align: center;\"><a href=\"https:\/\/www.paysdegrassetourisme.fr\/reserver-votre-activite\/reserver-une-visite-guidee-a-grasse\/\">Visite guidate del centro storico<\/a><\/p>\n<p style=\"text-align: center;\"><a href=\"https:\/\/www.paysdegrassetourisme.fr\/cathedrale-notre-dame-du-puy-de-grasse-919513\/\">Cattedrale di Notre-Dame-du-Puy<\/a><\/p>\n<p style=\"text-align: center;\"><a href=\"https:\/\/www.paysdegrassetourisme.fr\/imaginons-votre-sejour\/visiter-grasse\/les-parfumeries\/\">Profumerie<\/a><\/p>\n<p style=\"text-align: center;\"><a href=\"https:\/\/www.paysdegrassetourisme.fr\/musee-international-de-la-parfumerie-615292\/\">Mus\u00e9e International de la Parfumerie<\/a><\/p>\n<p style=\"text-align: center;\"><a href=\"https:\/\/www.paysdegrassetourisme.fr\/chocolaterie-maison-duplanteur-919163\/\">\u00a0Cioccolateria artigianale \u00abMaison Duplanteur\u00bb<\/a><\/p>\n<p style=\"text-align: center;\"><a href=\"https:\/\/www.paysdegrassetourisme.fr\/le-petit-train-de-grasse-615316\/\">Piccolo treno turistico<\/a><\/p>\n<p style=\"text-align: center;\"><a href=\"https:\/\/www.paysdegrassetourisme.fr\/musee-provencal-du-costume-et-du-bijou-919519\/\">Mus\u00e9e du Proven\u00e7al du Costume &amp; du Bijou<\/a><\/p>\n<p style=\"text-align: center;\"><a href=\"https:\/\/www.paysdegrassetourisme.fr\/musee-d-art-et-d-histoire-de-provence-919515\/\">Mus\u00e9e d\u2019Art &amp; d\u2019Histoire de Provence<\/a><\/p>\n<p style=\"text-align: center;\">Villa-Mus\u00e9e Fragonard<\/p>\n<p style=\"text-align: center;\"><a href=\"https:\/\/www.paysdegrassetourisme.fr\/musee-de-la-marine-memorial-amiral-de-grasse-5531894\/\">Mus\u00e9e de la Marine &#8211; Amiral de Grasse<\/a><\/p>\n<p style=\"text-align: center;\"><a href=\"https:\/\/www.paysdegrassetourisme.fr\/musee-jean-honore-fragonard-collection-helene-jean-francois-costa-6403743\/\">Mus\u00e9e Fragonard H\u00e9l\u00e8ne &amp; Jean-Fran\u00e7ois Costa<\/a><\/p>\n<p style=\"text-align: center;\"><a href=\"https:\/\/www.paysdegrassetourisme.fr\/imaginons-votre-sejour\/randonner\/\">Escursioni<\/a><\/p>\n<p style=\"text-align: center;\"><a href=\"https:\/\/www.paysdegrassetourisme.fr\/imaginons-votre-sejour\/se-defouler\/golf\/\">Golf<\/a><\/p>\n<p style=\"text-align: center;\"><a href=\"https:\/\/www.paysdegrassetourisme.fr\/imaginons-votre-sejour\/se-defouler\/accrobranche-tyrolienne\/\">Percorso di arrampicata su alberi<\/a><\/p>\n"},{"acf_fc_layout":"project-custom-texte","texte":"<h3 style=\"text-align: center;\">Appuntamenti annuali<\/h3>\n<h5 style=\"text-align: center;\">Aprile<\/h5>\n<p style=\"text-align: center;\">Rallye automobile &#8220;Fleurs &amp; Parfums&#8221;<\/p>\n<h5 style=\"text-align: center;\">Maggio<\/h5>\n<p style=\"text-align: center;\">Expo Rose &#8211; F\u00eate de la Centifolia<\/p>\n<h5 style=\"text-align: center;\">Luglio<\/h5>\n<p style=\"text-align: center;\">Fl\u00e2neries nocturnes<br \/>\nInstants de Grasse<\/p>\n<h5 style=\"text-align: center;\">Agosto<\/h5>\n<p style=\"text-align: center;\">F\u00eate du Jasmin<br \/>\nMondial parfum\u00e9 de boules carr\u00e9es<\/p>\n<h5 style=\"text-align: center;\">Settembre<\/h5>\n<p style=\"text-align: center;\">F\u00eate de la bi\u00e8re<br \/>\nF\u00eate des vendanges libres<\/p>\n"},{"acf_fc_layout":"project-custom-texte","texte":"<h3 style=\"text-align: center;\">Mercato<\/h3>\n<h5 style=\"text-align: center;\">Mercoled\u00ec<\/h5>\n<p style=\"text-align: center;\">Cours Honor\u00e9 Cresp<br \/>\nCibo e abbigliamento<\/p>\n<h5 style=\"text-align: center;\">Sabato<\/h5>\n<p style=\"text-align: center;\">Place aux aires<br \/>\nCibo e abbigliamento<\/p>\n"}]}]}],"backoffice_post_title":"Villaggi provenzali - Grasse","picto":false,"image_en_header":2711,"hide_h1":true},"yoast_head":"<!-- This site is optimized with the Yoast SEO plugin v27.1.1 - https:\/\/yoast.com\/product\/yoast-seo-wordpress\/ -->\n<title>Grasse - Pays de Grasse Tourisme<\/title>\n<meta name=\"description\" content=\"Capitale mondiale del profumo e con uno dei pi\u00f9 bei balconi sul Mediterraneo, Grasse \u00e8 una tappa obbligata della Costa Azzurra.\" \/>\n<meta name=\"robots\" content=\"index, follow, max-snippet:-1, max-image-preview:large, max-video-preview:-1\" \/>\n<link rel=\"canonical\" href=\"https:\/\/www.paysdegrassetourisme.fr\/it\/imperdibili\/i-villaggi-della-provenza\/grasse\/\" \/>\n<meta property=\"og:locale\" content=\"it_IT\" \/>\n<meta property=\"og:type\" content=\"article\" \/>\n<meta property=\"og:title\" content=\"Grasse - Pays de Grasse Tourisme\" \/>\n<meta property=\"og:description\" content=\"Capitale mondiale del profumo e con uno dei pi\u00f9 bei balconi sul Mediterraneo, Grasse \u00e8 una tappa obbligata della Costa Azzurra.\" \/>\n<meta property=\"og:url\" content=\"https:\/\/www.paysdegrassetourisme.fr\/it\/imperdibili\/i-villaggi-della-provenza\/grasse\/\" \/>\n<meta property=\"og:site_name\" content=\"Pays de Grasse Tourisme\" \/>\n<meta property=\"article:modified_time\" content=\"2025-02-13T15:28:42+00:00\" \/>\n<meta property=\"og:image\" content=\"https:\/\/www.paysdegrassetourisme.fr\/wp-content\/uploads\/2024\/07\/Pays-grassois-840x473-1.jpeg\" \/>\n\t<meta property=\"og:image:width\" content=\"840\" \/>\n\t<meta property=\"og:image:height\" content=\"473\" \/>\n\t<meta property=\"og:image:type\" content=\"image\/jpeg\" \/>\n<meta name=\"twitter:card\" content=\"summary_large_image\" \/>\n<script type=\"application\/ld+json\" class=\"yoast-schema-graph\">{\"@context\":\"https:\/\/schema.org\",\"@graph\":[{\"@type\":\"WebPage\",\"@id\":\"https:\/\/www.paysdegrassetourisme.fr\/it\/imperdibili\/i-villaggi-della-provenza\/grasse\/\",\"url\":\"https:\/\/www.paysdegrassetourisme.fr\/it\/imperdibili\/i-villaggi-della-provenza\/grasse\/\",\"name\":\"Grasse - Pays de Grasse Tourisme\",\"isPartOf\":{\"@id\":\"https:\/\/paysdegrassetourisme.fr\/#website\"},\"primaryImageOfPage\":{\"@id\":\"https:\/\/www.paysdegrassetourisme.fr\/it\/imperdibili\/i-villaggi-della-provenza\/grasse\/#primaryimage\"},\"image\":{\"@id\":\"https:\/\/www.paysdegrassetourisme.fr\/it\/imperdibili\/i-villaggi-della-provenza\/grasse\/#primaryimage\"},\"thumbnailUrl\":\"https:\/\/www.paysdegrassetourisme.fr\/wp-content\/uploads\/2024\/07\/Pays-grassois-840x473-1.jpeg\",\"datePublished\":\"2024-09-30T09:30:47+00:00\",\"dateModified\":\"2025-02-13T15:28:42+00:00\",\"description\":\"Capitale mondiale del profumo e con uno dei pi\u00f9 bei balconi sul Mediterraneo, Grasse \u00e8 una tappa obbligata della Costa Azzurra.\",\"breadcrumb\":{\"@id\":\"https:\/\/www.paysdegrassetourisme.fr\/it\/imperdibili\/i-villaggi-della-provenza\/grasse\/#breadcrumb\"},\"inLanguage\":\"it-IT\",\"potentialAction\":[{\"@type\":\"ReadAction\",\"target\":[\"https:\/\/www.paysdegrassetourisme.fr\/it\/imperdibili\/i-villaggi-della-provenza\/grasse\/\"]}]},{\"@type\":\"ImageObject\",\"inLanguage\":\"it-IT\",\"@id\":\"https:\/\/www.paysdegrassetourisme.fr\/it\/imperdibili\/i-villaggi-della-provenza\/grasse\/#primaryimage\",\"url\":\"https:\/\/www.paysdegrassetourisme.fr\/wp-content\/uploads\/2024\/07\/Pays-grassois-840x473-1.jpeg\",\"contentUrl\":\"https:\/\/www.paysdegrassetourisme.fr\/wp-content\/uploads\/2024\/07\/Pays-grassois-840x473-1.jpeg\",\"width\":840,\"height\":473},{\"@type\":\"BreadcrumbList\",\"@id\":\"https:\/\/www.paysdegrassetourisme.fr\/it\/imperdibili\/i-villaggi-della-provenza\/grasse\/#breadcrumb\",\"itemListElement\":[{\"@type\":\"ListItem\",\"position\":1,\"name\":\"Accueil\",\"item\":\"https:\/\/www.paysdegrassetourisme.fr\/it\/\"},{\"@type\":\"ListItem\",\"position\":2,\"name\":\"Imperdibili\",\"item\":\"https:\/\/www.paysdegrassetourisme.fr\/it\/imperdibili\/\"},{\"@type\":\"ListItem\",\"position\":3,\"name\":\"I villaggi della Provenza\",\"item\":\"https:\/\/www.paysdegrassetourisme.fr\/it\/imperdibili\/i-villaggi-della-provenza\/\"},{\"@type\":\"ListItem\",\"position\":4,\"name\":\"Grasse\"}]},{\"@type\":\"WebSite\",\"@id\":\"https:\/\/paysdegrassetourisme.fr\/#website\",\"url\":\"https:\/\/paysdegrassetourisme.fr\/\",\"name\":\"Pays de Grasse Tourisme\",\"description\":\"\",\"publisher\":{\"@id\":\"https:\/\/paysdegrassetourisme.fr\/#organization\"},\"potentialAction\":[{\"@type\":\"SearchAction\",\"target\":{\"@type\":\"EntryPoint\",\"urlTemplate\":\"https:\/\/paysdegrassetourisme.fr\/?s={search_term_string}\"},\"query-input\":{\"@type\":\"PropertyValueSpecification\",\"valueRequired\":true,\"valueName\":\"search_term_string\"}}],\"inLanguage\":\"it-IT\"},{\"@type\":\"Organization\",\"@id\":\"https:\/\/paysdegrassetourisme.fr\/#organization\",\"name\":\"Pays de Grasse Tourisme\",\"url\":\"https:\/\/paysdegrassetourisme.fr\/\",\"logo\":{\"@type\":\"ImageObject\",\"inLanguage\":\"it-IT\",\"@id\":\"https:\/\/paysdegrassetourisme.fr\/#\/schema\/logo\/image\/\",\"url\":\"https:\/\/www.paysdegrassetourisme.fr\/wp-content\/uploads\/2024\/05\/favicon.png\",\"contentUrl\":\"https:\/\/www.paysdegrassetourisme.fr\/wp-content\/uploads\/2024\/05\/favicon.png\",\"width\":512,\"height\":512,\"caption\":\"Pays de Grasse Tourisme\"},\"image\":{\"@id\":\"https:\/\/paysdegrassetourisme.fr\/#\/schema\/logo\/image\/\"}}]}<\/script>\n<!-- \/ Yoast SEO plugin. -->","yoast_head_json":{"title":"Grasse - Pays de Grasse Tourisme","description":"Capitale mondiale del profumo e con uno dei pi\u00f9 bei balconi sul Mediterraneo, Grasse \u00e8 una tappa obbligata della Costa Azzurra.","robots":{"index":"index","follow":"follow","max-snippet":"max-snippet:-1","max-image-preview":"max-image-preview:large","max-video-preview":"max-video-preview:-1"},"canonical":"https:\/\/www.paysdegrassetourisme.fr\/it\/imperdibili\/i-villaggi-della-provenza\/grasse\/","og_locale":"it_IT","og_type":"article","og_title":"Grasse - Pays de Grasse Tourisme","og_description":"Capitale mondiale del profumo e con uno dei pi\u00f9 bei balconi sul Mediterraneo, Grasse \u00e8 una tappa obbligata della Costa Azzurra.","og_url":"https:\/\/www.paysdegrassetourisme.fr\/it\/imperdibili\/i-villaggi-della-provenza\/grasse\/","og_site_name":"Pays de Grasse Tourisme","article_modified_time":"2025-02-13T15:28:42+00:00","og_image":[{"width":840,"height":473,"url":"https:\/\/www.paysdegrassetourisme.fr\/wp-content\/uploads\/2024\/07\/Pays-grassois-840x473-1.jpeg","type":"image\/jpeg"}],"twitter_card":"summary_large_image","schema":{"@context":"https:\/\/schema.org","@graph":[{"@type":"WebPage","@id":"https:\/\/www.paysdegrassetourisme.fr\/it\/imperdibili\/i-villaggi-della-provenza\/grasse\/","url":"https:\/\/www.paysdegrassetourisme.fr\/it\/imperdibili\/i-villaggi-della-provenza\/grasse\/","name":"Grasse - Pays de Grasse Tourisme","isPartOf":{"@id":"https:\/\/paysdegrassetourisme.fr\/#website"},"primaryImageOfPage":{"@id":"https:\/\/www.paysdegrassetourisme.fr\/it\/imperdibili\/i-villaggi-della-provenza\/grasse\/#primaryimage"},"image":{"@id":"https:\/\/www.paysdegrassetourisme.fr\/it\/imperdibili\/i-villaggi-della-provenza\/grasse\/#primaryimage"},"thumbnailUrl":"https:\/\/www.paysdegrassetourisme.fr\/wp-content\/uploads\/2024\/07\/Pays-grassois-840x473-1.jpeg","datePublished":"2024-09-30T09:30:47+00:00","dateModified":"2025-02-13T15:28:42+00:00","description":"Capitale mondiale del profumo e con uno dei pi\u00f9 bei balconi sul Mediterraneo, Grasse \u00e8 una tappa obbligata della Costa Azzurra.","breadcrumb":{"@id":"https:\/\/www.paysdegrassetourisme.fr\/it\/imperdibili\/i-villaggi-della-provenza\/grasse\/#breadcrumb"},"inLanguage":"it-IT","potentialAction":[{"@type":"ReadAction","target":["https:\/\/www.paysdegrassetourisme.fr\/it\/imperdibili\/i-villaggi-della-provenza\/grasse\/"]}]},{"@type":"ImageObject","inLanguage":"it-IT","@id":"https:\/\/www.paysdegrassetourisme.fr\/it\/imperdibili\/i-villaggi-della-provenza\/grasse\/#primaryimage","url":"https:\/\/www.paysdegrassetourisme.fr\/wp-content\/uploads\/2024\/07\/Pays-grassois-840x473-1.jpeg","contentUrl":"https:\/\/www.paysdegrassetourisme.fr\/wp-content\/uploads\/2024\/07\/Pays-grassois-840x473-1.jpeg","width":840,"height":473},{"@type":"BreadcrumbList","@id":"https:\/\/www.paysdegrassetourisme.fr\/it\/imperdibili\/i-villaggi-della-provenza\/grasse\/#breadcrumb","itemListElement":[{"@type":"ListItem","position":1,"name":"Accueil","item":"https:\/\/www.paysdegrassetourisme.fr\/it\/"},{"@type":"ListItem","position":2,"name":"Imperdibili","item":"https:\/\/www.paysdegrassetourisme.fr\/it\/imperdibili\/"},{"@type":"ListItem","position":3,"name":"I villaggi della Provenza","item":"https:\/\/www.paysdegrassetourisme.fr\/it\/imperdibili\/i-villaggi-della-provenza\/"},{"@type":"ListItem","position":4,"name":"Grasse"}]},{"@type":"WebSite","@id":"https:\/\/paysdegrassetourisme.fr\/#website","url":"https:\/\/paysdegrassetourisme.fr\/","name":"Pays de Grasse Tourisme","description":"","publisher":{"@id":"https:\/\/paysdegrassetourisme.fr\/#organization"},"potentialAction":[{"@type":"SearchAction","target":{"@type":"EntryPoint","urlTemplate":"https:\/\/paysdegrassetourisme.fr\/?s={search_term_string}"},"query-input":{"@type":"PropertyValueSpecification","valueRequired":true,"valueName":"search_term_string"}}],"inLanguage":"it-IT"},{"@type":"Organization","@id":"https:\/\/paysdegrassetourisme.fr\/#organization","name":"Pays de Grasse Tourisme","url":"https:\/\/paysdegrassetourisme.fr\/","logo":{"@type":"ImageObject","inLanguage":"it-IT","@id":"https:\/\/paysdegrassetourisme.fr\/#\/schema\/logo\/image\/","url":"https:\/\/www.paysdegrassetourisme.fr\/wp-content\/uploads\/2024\/05\/favicon.png","contentUrl":"https:\/\/www.paysdegrassetourisme.fr\/wp-content\/uploads\/2024\/05\/favicon.png","width":512,"height":512,"caption":"Pays de Grasse Tourisme"},"image":{"@id":"https:\/\/paysdegrassetourisme.fr\/#\/schema\/logo\/image\/"}}]}},"_links":{"self":[{"href":"https:\/\/www.paysdegrassetourisme.fr\/it\/wp-json\/wp\/v2\/pages\/12555","targetHints":{"allow":["GET"]}}],"collection":[{"href":"https:\/\/www.paysdegrassetourisme.fr\/it\/wp-json\/wp\/v2\/pages"}],"about":[{"href":"https:\/\/www.paysdegrassetourisme.fr\/it\/wp-json\/wp\/v2\/types\/page"}],"author":[{"embeddable":true,"href":"https:\/\/www.paysdegrassetourisme.fr\/it\/wp-json\/wp\/v2\/users\/4"}],"replies":[{"embeddable":true,"href":"https:\/\/www.paysdegrassetourisme.fr\/it\/wp-json\/wp\/v2\/comments?post=12555"}],"version-history":[{"count":1,"href":"https:\/\/www.paysdegrassetourisme.fr\/it\/wp-json\/wp\/v2\/pages\/12555\/revisions"}],"predecessor-version":[{"id":12556,"href":"https:\/\/www.paysdegrassetourisme.fr\/it\/wp-json\/wp\/v2\/pages\/12555\/revisions\/12556"}],"up":[{"embeddable":true,"href":"https:\/\/www.paysdegrassetourisme.fr\/it\/wp-json\/wp\/v2\/pages\/12065"}],"wp:featuredmedia":[{"embeddable":true,"href":"https:\/\/www.paysdegrassetourisme.fr\/it\/wp-json\/wp\/v2\/media\/2711"}],"wp:attachment":[{"href":"https:\/\/www.paysdegrassetourisme.fr\/it\/wp-json\/wp\/v2\/media?parent=12555"}],"curies":[{"name":"wp","href":"https:\/\/api.w.org\/{rel}","templated":true}]}}