{"id":14706,"date":"2024-10-10T14:42:10","date_gmt":"2024-10-10T12:42:10","guid":{"rendered":"https:\/\/www.paysdegrassetourisme.fr\/?page_id=14706"},"modified":"2025-12-02T11:26:13","modified_gmt":"2025-12-02T10:26:13","slug":"area-partner","status":"publish","type":"page","link":"https:\/\/www.paysdegrassetourisme.fr\/it\/area-partner\/","title":{"rendered":"Area Partner"},"content":{"rendered":"","protected":false},"excerpt":{"rendered":"","protected":false},"author":1,"featured_media":8793,"parent":0,"menu_order":0,"comment_status":"closed","ping_status":"closed","template":"","meta":{"_acf_changed":false,"footnotes":""},"class_list":["post-14706","page","type-page","status-publish","has-post-thumbnail","hentry"],"acf":{"contenu":[{"ligne":[{"col":"1","container":"normal","display_on":"any","background":"white","alignment":true,"blocs":[{"acf_fc_layout":"project-custom-texte","texte":"<p style=\"text-align: center;\">Questo spazio dedicato \u00e8 stato pensato appositamente per voi, stakeholder del turismo e professionisti locali, per supportarvi nei vostri sforzi e contribuire insieme allo sviluppo del nostro territorio.<\/p>\n<p style=\"text-align: center;\">Che tu sia gi\u00e0 partner o voglia diventarlo, qui troverai tutte le informazioni essenziali!<\/p>\n"}]}]},{"ligne":[{"col":"1","container":"full","display_on":"any","background":"white","alignment":true,"blocs":[{"acf_fc_layout":"project-custom-titre-seul","title":"Turismo del Paese di Grasse","background_text":"partners"}]}]},{"ligne":[{"col":"1","container":"normal","display_on":"any","background":"white","alignment":true,"blocs":[{"acf_fc_layout":"project-custom-remontee-de-pages","title":"","pages":[{"selected_page":8668},{"selected_page":8670},{"selected_page":8665},{"selected_page":15232}]},{"acf_fc_layout":"project-custom-remontee-de-pages","title":"","pages":[{"selected_page":10137}]}]}]},{"ligne":[{"col":"1","container":"normal","display_on":"any","background":"white","alignment":true,"blocs":[{"acf_fc_layout":"project-custom-titre-seul","title":"Affitta il tuo immobile","background_text":"I MIEI APPROCCI"}]}]},{"ligne":[{"col":"1","container":"normal","display_on":"any","background":"white","alignment":true,"blocs":[{"acf_fc_layout":"project-custom-remontee-de-pages","title":"","pages":[{"selected_page":8675},{"selected_page":8679},{"selected_page":8677}]}]}]},{"ligne":[{"col":"1","container":"full","display_on":"any","background":"white","alignment":true,"blocs":[{"acf_fc_layout":"project-custom-bandeau","image":4960,"title":"Fai brillare il tuo evento!","title_police":true,"text":"<p style=\"text-align: center;\">Stai organizzando un evento nella regione e vuoi massimizzarne la visibilit\u00e0?<\/p>\n<p style=\"text-align: center;\">Grazie alla nostra partnership con Apidae, la piattaforma collaborativa dedicata al turismo, potrete trasmettere e promuovere facilmente il vostro evento sul sito Pays de Grasse Tourisme.<\/p>\n<p style=\"text-align: center;\"><a class=\"btn btn-2\" href=\"https:\/\/www.paysdegrassetourisme.fr\/espace-partenaires\/communiquer-sur-un-evenement\/\" rel=\"noopener\">COMMUNIQUER MON \u00c9V\u00c8NEMENT<\/a><\/p>\n"}]}]},{"ligne":[{"col":"2","container":"normal","display_on":"any","background":"pink","alignment":true,"blocs":[{"acf_fc_layout":"project-custom-texte","texte":"<h2 style=\"text-align: center;\">Sentieri profumati Unesco<\/h2>\n<p style=\"text-align: center;\">Utilizza il marchio UNESCO per promuovere la tua attivit\u00e0!<\/p>\n<p style=\"text-align: center;\">Cari stakeholder locali,<br \/>\nL&#8217;inclusione del know-how legato al profumo di Grasse come patrimonio culturale immateriale dell&#8217;umanit\u00e0 da parte dell&#8217;UNESCO nel 2018 \u00e8 il riconoscimento globale della nostra competenza unica.<\/p>\n<p style=\"text-align: center;\">In qualit\u00e0 di socio-professionista locale, hai l&#8217;opportunit\u00e0 di evidenziare questo prestigioso riconoscimento per promuovere la tua attivit\u00e0. Questa etichetta costituisce una vera risorsa per rafforzare l&#8217;immagine della vostra attivit\u00e0 e sottolineare il vostro legame con l&#8217;eccellenza e il patrimonio di Grasse.<\/p>\n<p style=\"text-align: center;\">Che tu sia un artigiano, un produttore o un operatore turistico, integrare questo marchio nei tuoi mezzi di comunicazione (sito web, brochure, social network, ecc.) ti consente di partecipare alla promozione di un know-how riconosciuto in tutto il mondo e di attirare clienti sensibili all&#8217;autenticit\u00e0 e al patrimonio culturale.<\/p>\n<p style=\"text-align: center;\">Non esitate a contattare l&#8217;Association du Patrimoine Vivant du Pays de Grasse per scoprire come utilizzare questa etichetta nel rispetto delle linee guida dell&#8217;UNESCO.<\/p>\n<p style=\"text-align: center;\"><a class=\"btn btn-1\" href=\"http:\/\/savoirfaireparfum.paysdegrasse.fr\/fr\/content\/lembleme\" target=\"_blank\" rel=\"noopener\">EN SAVOIR PLUS<\/a><\/p>\n"},{"acf_fc_layout":"project-custom-image","image":2622,"nocrop":false}]}]}],"picto":false,"image_en_header":8793,"backoffice_post_title":"Area Partner","hide_h1":true},"yoast_head":"<!-- This site is optimized with the Yoast SEO plugin v27.1.1 - https:\/\/yoast.com\/product\/yoast-seo-wordpress\/ -->\n<title>Area Partner - Pays de Grasse Tourisme<\/title>\n<meta name=\"robots\" content=\"index, follow, max-snippet:-1, max-image-preview:large, max-video-preview:-1\" \/>\n<link rel=\"canonical\" href=\"https:\/\/www.paysdegrassetourisme.fr\/it\/area-partner\/\" \/>\n<meta property=\"og:locale\" content=\"it_IT\" \/>\n<meta property=\"og:type\" content=\"article\" \/>\n<meta property=\"og:title\" content=\"Area Partner - Pays de Grasse Tourisme\" \/>\n<meta property=\"og:url\" content=\"https:\/\/www.paysdegrassetourisme.fr\/it\/area-partner\/\" \/>\n<meta property=\"og:site_name\" content=\"Pays de Grasse Tourisme\" \/>\n<meta property=\"article:modified_time\" content=\"2025-12-02T10:26:13+00:00\" \/>\n<meta property=\"og:image\" content=\"https:\/\/www.paysdegrassetourisme.fr\/wp-content\/uploads\/2024\/10\/helena-lopes-1m2LQEonm2A-unsplash-scaled.jpg\" \/>\n\t<meta property=\"og:image:width\" content=\"2560\" \/>\n\t<meta property=\"og:image:height\" content=\"1707\" \/>\n\t<meta property=\"og:image:type\" content=\"image\/jpeg\" \/>\n<meta name=\"twitter:card\" content=\"summary_large_image\" \/>\n<script type=\"application\/ld+json\" class=\"yoast-schema-graph\">{\"@context\":\"https:\/\/schema.org\",\"@graph\":[{\"@type\":\"WebPage\",\"@id\":\"https:\/\/www.paysdegrassetourisme.fr\/it\/area-partner\/\",\"url\":\"https:\/\/www.paysdegrassetourisme.fr\/it\/area-partner\/\",\"name\":\"Area Partner - Pays de Grasse Tourisme\",\"isPartOf\":{\"@id\":\"https:\/\/paysdegrassetourisme.fr\/#website\"},\"primaryImageOfPage\":{\"@id\":\"https:\/\/www.paysdegrassetourisme.fr\/it\/area-partner\/#primaryimage\"},\"image\":{\"@id\":\"https:\/\/www.paysdegrassetourisme.fr\/it\/area-partner\/#primaryimage\"},\"thumbnailUrl\":\"https:\/\/www.paysdegrassetourisme.fr\/wp-content\/uploads\/2024\/10\/helena-lopes-1m2LQEonm2A-unsplash-scaled.jpg\",\"datePublished\":\"2024-10-10T12:42:10+00:00\",\"dateModified\":\"2025-12-02T10:26:13+00:00\",\"breadcrumb\":{\"@id\":\"https:\/\/www.paysdegrassetourisme.fr\/it\/area-partner\/#breadcrumb\"},\"inLanguage\":\"it-IT\",\"potentialAction\":[{\"@type\":\"ReadAction\",\"target\":[\"https:\/\/www.paysdegrassetourisme.fr\/it\/area-partner\/\"]}]},{\"@type\":\"ImageObject\",\"inLanguage\":\"it-IT\",\"@id\":\"https:\/\/www.paysdegrassetourisme.fr\/it\/area-partner\/#primaryimage\",\"url\":\"https:\/\/www.paysdegrassetourisme.fr\/wp-content\/uploads\/2024\/10\/helena-lopes-1m2LQEonm2A-unsplash-scaled.jpg\",\"contentUrl\":\"https:\/\/www.paysdegrassetourisme.fr\/wp-content\/uploads\/2024\/10\/helena-lopes-1m2LQEonm2A-unsplash-scaled.jpg\",\"width\":2560,\"height\":1707},{\"@type\":\"BreadcrumbList\",\"@id\":\"https:\/\/www.paysdegrassetourisme.fr\/it\/area-partner\/#breadcrumb\",\"itemListElement\":[{\"@type\":\"ListItem\",\"position\":1,\"name\":\"Accueil\",\"item\":\"https:\/\/www.paysdegrassetourisme.fr\/it\/\"},{\"@type\":\"ListItem\",\"position\":2,\"name\":\"Area Partner\"}]},{\"@type\":\"WebSite\",\"@id\":\"https:\/\/paysdegrassetourisme.fr\/#website\",\"url\":\"https:\/\/paysdegrassetourisme.fr\/\",\"name\":\"Pays de Grasse Tourisme\",\"description\":\"\",\"publisher\":{\"@id\":\"https:\/\/paysdegrassetourisme.fr\/#organization\"},\"potentialAction\":[{\"@type\":\"SearchAction\",\"target\":{\"@type\":\"EntryPoint\",\"urlTemplate\":\"https:\/\/paysdegrassetourisme.fr\/?s={search_term_string}\"},\"query-input\":{\"@type\":\"PropertyValueSpecification\",\"valueRequired\":true,\"valueName\":\"search_term_string\"}}],\"inLanguage\":\"it-IT\"},{\"@type\":\"Organization\",\"@id\":\"https:\/\/paysdegrassetourisme.fr\/#organization\",\"name\":\"Pays de Grasse Tourisme\",\"url\":\"https:\/\/paysdegrassetourisme.fr\/\",\"logo\":{\"@type\":\"ImageObject\",\"inLanguage\":\"it-IT\",\"@id\":\"https:\/\/paysdegrassetourisme.fr\/#\/schema\/logo\/image\/\",\"url\":\"https:\/\/www.paysdegrassetourisme.fr\/wp-content\/uploads\/2024\/05\/favicon.png\",\"contentUrl\":\"https:\/\/www.paysdegrassetourisme.fr\/wp-content\/uploads\/2024\/05\/favicon.png\",\"width\":512,\"height\":512,\"caption\":\"Pays de Grasse Tourisme\"},\"image\":{\"@id\":\"https:\/\/paysdegrassetourisme.fr\/#\/schema\/logo\/image\/\"}}]}<\/script>\n<!-- \/ Yoast SEO plugin. -->","yoast_head_json":{"title":"Area Partner - Pays de Grasse Tourisme","robots":{"index":"index","follow":"follow","max-snippet":"max-snippet:-1","max-image-preview":"max-image-preview:large","max-video-preview":"max-video-preview:-1"},"canonical":"https:\/\/www.paysdegrassetourisme.fr\/it\/area-partner\/","og_locale":"it_IT","og_type":"article","og_title":"Area Partner - Pays de Grasse Tourisme","og_url":"https:\/\/www.paysdegrassetourisme.fr\/it\/area-partner\/","og_site_name":"Pays de Grasse Tourisme","article_modified_time":"2025-12-02T10:26:13+00:00","og_image":[{"width":2560,"height":1707,"url":"https:\/\/www.paysdegrassetourisme.fr\/wp-content\/uploads\/2024\/10\/helena-lopes-1m2LQEonm2A-unsplash-scaled.jpg","type":"image\/jpeg"}],"twitter_card":"summary_large_image","schema":{"@context":"https:\/\/schema.org","@graph":[{"@type":"WebPage","@id":"https:\/\/www.paysdegrassetourisme.fr\/it\/area-partner\/","url":"https:\/\/www.paysdegrassetourisme.fr\/it\/area-partner\/","name":"Area Partner - Pays de Grasse Tourisme","isPartOf":{"@id":"https:\/\/paysdegrassetourisme.fr\/#website"},"primaryImageOfPage":{"@id":"https:\/\/www.paysdegrassetourisme.fr\/it\/area-partner\/#primaryimage"},"image":{"@id":"https:\/\/www.paysdegrassetourisme.fr\/it\/area-partner\/#primaryimage"},"thumbnailUrl":"https:\/\/www.paysdegrassetourisme.fr\/wp-content\/uploads\/2024\/10\/helena-lopes-1m2LQEonm2A-unsplash-scaled.jpg","datePublished":"2024-10-10T12:42:10+00:00","dateModified":"2025-12-02T10:26:13+00:00","breadcrumb":{"@id":"https:\/\/www.paysdegrassetourisme.fr\/it\/area-partner\/#breadcrumb"},"inLanguage":"it-IT","potentialAction":[{"@type":"ReadAction","target":["https:\/\/www.paysdegrassetourisme.fr\/it\/area-partner\/"]}]},{"@type":"ImageObject","inLanguage":"it-IT","@id":"https:\/\/www.paysdegrassetourisme.fr\/it\/area-partner\/#primaryimage","url":"https:\/\/www.paysdegrassetourisme.fr\/wp-content\/uploads\/2024\/10\/helena-lopes-1m2LQEonm2A-unsplash-scaled.jpg","contentUrl":"https:\/\/www.paysdegrassetourisme.fr\/wp-content\/uploads\/2024\/10\/helena-lopes-1m2LQEonm2A-unsplash-scaled.jpg","width":2560,"height":1707},{"@type":"BreadcrumbList","@id":"https:\/\/www.paysdegrassetourisme.fr\/it\/area-partner\/#breadcrumb","itemListElement":[{"@type":"ListItem","position":1,"name":"Accueil","item":"https:\/\/www.paysdegrassetourisme.fr\/it\/"},{"@type":"ListItem","position":2,"name":"Area Partner"}]},{"@type":"WebSite","@id":"https:\/\/paysdegrassetourisme.fr\/#website","url":"https:\/\/paysdegrassetourisme.fr\/","name":"Pays de Grasse Tourisme","description":"","publisher":{"@id":"https:\/\/paysdegrassetourisme.fr\/#organization"},"potentialAction":[{"@type":"SearchAction","target":{"@type":"EntryPoint","urlTemplate":"https:\/\/paysdegrassetourisme.fr\/?s={search_term_string}"},"query-input":{"@type":"PropertyValueSpecification","valueRequired":true,"valueName":"search_term_string"}}],"inLanguage":"it-IT"},{"@type":"Organization","@id":"https:\/\/paysdegrassetourisme.fr\/#organization","name":"Pays de Grasse Tourisme","url":"https:\/\/paysdegrassetourisme.fr\/","logo":{"@type":"ImageObject","inLanguage":"it-IT","@id":"https:\/\/paysdegrassetourisme.fr\/#\/schema\/logo\/image\/","url":"https:\/\/www.paysdegrassetourisme.fr\/wp-content\/uploads\/2024\/05\/favicon.png","contentUrl":"https:\/\/www.paysdegrassetourisme.fr\/wp-content\/uploads\/2024\/05\/favicon.png","width":512,"height":512,"caption":"Pays de Grasse Tourisme"},"image":{"@id":"https:\/\/paysdegrassetourisme.fr\/#\/schema\/logo\/image\/"}}]}},"_links":{"self":[{"href":"https:\/\/www.paysdegrassetourisme.fr\/it\/wp-json\/wp\/v2\/pages\/14706","targetHints":{"allow":["GET"]}}],"collection":[{"href":"https:\/\/www.paysdegrassetourisme.fr\/it\/wp-json\/wp\/v2\/pages"}],"about":[{"href":"https:\/\/www.paysdegrassetourisme.fr\/it\/wp-json\/wp\/v2\/types\/page"}],"author":[{"embeddable":true,"href":"https:\/\/www.paysdegrassetourisme.fr\/it\/wp-json\/wp\/v2\/users\/1"}],"replies":[{"embeddable":true,"href":"https:\/\/www.paysdegrassetourisme.fr\/it\/wp-json\/wp\/v2\/comments?post=14706"}],"version-history":[{"count":1,"href":"https:\/\/www.paysdegrassetourisme.fr\/it\/wp-json\/wp\/v2\/pages\/14706\/revisions"}],"predecessor-version":[{"id":14711,"href":"https:\/\/www.paysdegrassetourisme.fr\/it\/wp-json\/wp\/v2\/pages\/14706\/revisions\/14711"}],"wp:featuredmedia":[{"embeddable":true,"href":"https:\/\/www.paysdegrassetourisme.fr\/it\/wp-json\/wp\/v2\/media\/8793"}],"wp:attachment":[{"href":"https:\/\/www.paysdegrassetourisme.fr\/it\/wp-json\/wp\/v2\/media?parent=14706"}],"curies":[{"name":"wp","href":"https:\/\/api.w.org\/{rel}","templated":true}]}}