{"id":2195,"date":"2024-05-17T14:47:03","date_gmt":"2024-05-17T12:47:03","guid":{"rendered":"https:\/\/www.paysdegrassetourisme.fr\/vivre-lenchantement-en-pays-de-grasse-it\/"},"modified":"2026-01-13T10:30:27","modified_gmt":"2026-01-13T09:30:27","slug":"vivre-lenchantement-en-pays-de-grasse","status":"publish","type":"page","link":"https:\/\/www.paysdegrassetourisme.fr\/it\/","title":{"rendered":""},"content":{"rendered":"","protected":false},"excerpt":{"rendered":"","protected":false},"author":1,"featured_media":7273,"parent":0,"menu_order":0,"comment_status":"closed","ping_status":"closed","template":"","meta":{"_acf_changed":false,"footnotes":""},"class_list":["post-2195","page","type-page","status-publish","has-post-thumbnail","hentry"],"acf":{"contenu":[{"ligne":[{"col":"1","container":"full","display_on":"stay","background":"white","alignment":true,"blocs":[{"acf_fc_layout":"project-custom-liste-de-pictos","title":"Preparare il suo soggiorno nel Pays de Grasse","text":"<p style=\"text-align: center;\">Per preparare bene il vostro soggiorno nel Pays de Grasse, immergetevi nel cuore dell&#8217;autentica Provenza esplorando tutte le ricchezze della regione.<\/p>\n<p style=\"text-align: center;\">Consulta le nostre rubriche dedicate per organizzare un viaggio indimenticabile!<\/p>\n<p style=\"text-align: center;\"><strong><a class=\"link-pink\" href=\"https:\/\/wa.me\/33493366666\">Nuovo! Dal tuo smartphone, prova la nostra intelligenza artificiale per aiutarti a preparare il tuo soggiorno!<\/a><\/strong><\/p>\n","picto":[{"icon":1899,"label":"Dove mangiare","link":"https:\/\/www.paysdegrassetourisme.fr\/it\/lorganizzazione\/dove-mangiare\/"},{"icon":1943,"label":"Dove dormire","link":"https:\/\/www.paysdegrassetourisme.fr\/it\/lorganizzazione\/dove-dormire\/"},{"icon":1967,"label":"Dove uscire","link":"https:\/\/www.paysdegrassetourisme.fr\/it\/lorganizzazione\/dove-uscire\/"},{"icon":1947,"label":"Eventi","link":"https:\/\/www.paysdegrassetourisme.fr\/it\/eventi\/"},{"icon":1963,"label":"I villaggi della Provenza","link":"https:\/\/www.paysdegrassetourisme.fr\/it\/imperdibili\/i-villaggi-della-provenza\/"},{"icon":1899,"label":"Risvegliare le sue papille gustative","link":"https:\/\/www.paysdegrassetourisme.fr\/it\/imperdibili\/risveglia-le-tue-papille-gustative\/"},{"icon":1939,"label":"Sport e adrenalina","link":"https:\/\/www.paysdegrassetourisme.fr\/it\/imperdibili\/sport-e-adrenalina\/"}]}]}]},{"ligne":[{"col":"1","container":"full","display_on":"stay","background":"white","alignment":true,"blocs":[{"acf_fc_layout":"project-custom-titre-seul","title":"I nostri preferiti del momento","background_text":"100% PER VOI"}]}]},{"ligne":[{"col":"1","container":"normal","display_on":"stay","background":"white","alignment":true,"blocs":[{"acf_fc_layout":"project-custom-remontee-dinspirations","title":"","category":[{"category_name":"Tempo libero","pages":[{"selected_page":12082},{"selected_page":12085},{"selected_page":12438},{"selected_page":14849}]},{"category_name":"Chemins Parfum\u00e9s (Unesco)","pages":[{"selected_page":12246},{"selected_page":12221},{"selected_page":12209},{"selected_page":12234}]},{"category_name":"In famiglia","pages":[{"selected_page":12205},{"selected_page":12183},{"selected_page":12199},{"selected_page":12179}]},{"category_name":"Prenotare un'attivit\u00e0","pages":[{"selected_page":12215},{"selected_page":12485},{"selected_page":14849},{"selected_page":14790}]}]}]}]},{"ligne":[{"col":"1","container":"normal","display_on":"here","background":"white","alignment":true,"blocs":[{"acf_fc_layout":"project-custom-texte","texte":"<h3 style=\"text-align: center;\">SCOPRITE &#8220;IL MIO CONSULENTE DI SOGGIORNO NELLA MIA TASCA&#8221;<\/h3>\n<p style=\"text-align: center;\">Il vostro assistente turistico gratuito e innovativo nel Pays de Grasse, che combina intelligenza artificiale e competenza locale!<\/p>\n<p style=\"text-align: center;\">Grazie a un&#8217;IA performante, fai le tue domande tramite WhatsApp e ricevi risposte istantanee sui ristoranti aperti, sulle attivit\u00e0 da non perdere o sugli eventi del momento.<\/p>\n<p style=\"text-align: center;\">Per un tocco pi\u00f9 personale, avete anche la possibilit\u00e0 di contattare un Consulente di Soggiorno, pronto a guidarvi con tutta la sua esperienza.<\/p>\n<p style=\"text-align: center;\">Semplifica il tuo soggiorno nel Pays de Grasse con questo assistente digitale, progettato per rendere la tua esperienza unica e senza preoccupazioni!<\/p>\n<p style=\"text-align: center;\"><a class=\"btn btn-2\" href=\"https:\/\/wa.me\/33493366666\" target=\"_blank\" rel=\"noopener\">SCOPRO QUESTO SERVIZIO<\/a><\/p>\n<p style=\"text-align: center;\">Questo servizio \u00e8 disponibile gratuitamente tramite WhatsApp o direttamente sul widget Messenger in basso a destra del nostro sito.<\/p>\n"}]}]},{"ligne":[{"col":"1","container":"normal","display_on":"any","background":"white","alignment":true,"blocs":[{"acf_fc_layout":"project-custom-titre-seul","title":"Vivete il Pays de Grasse in modo diverso","background_text":"Visitare"}]}]},{"ligne":[{"col":"2","container":"normal","display_on":"any","background":"pink","alignment":true,"blocs":[{"acf_fc_layout":"project-custom-texte","texte":"<p style=\"text-align: center;\">Visitare Grasse attraverso visite guidate condotte da guide della Maison du Patrimoine ed esplorare il Pays de Grasse attraverso passeggiate commentate nei villaggi.<\/p>\n<p style=\"text-align: center;\">Un&#8217;immersione avvincente nella storia, nei paesaggi e nel know-how del territorio.<\/p>\n<p>&nbsp;<\/p>\n<p style=\"text-align: center;\"><a class=\"btn btn-1\" href=\"https:\/\/www.paysdegrassetourisme.fr\/reserver-votre-activite\/reserver-une-visite-guidee-a-grasse\/\">PRENOTO LA MIA VISITA GUIDATA A GRASSE<\/a><\/p>\n<h6 style=\"text-align: center;\"><a class=\"btn btn-1\" href=\"https:\/\/www.paysdegrassetourisme.fr\/imaginons-votre-sejour\/les-villages-provencaux\/visites-audioguidees-wivisites\/\">VISITE AUDIO-GUIDATE WIVISITES<\/a><\/h6>\n"},{"acf_fc_layout":"project-custom-image","image":4211,"nocrop":true}]}]},{"ligne":[{"col":"1","container":"normal","display_on":"any","background":"white","alignment":true,"blocs":false}]},{"ligne":[{"col":"1","container":"normal","display_on":"any","background":"white","alignment":true,"blocs":false}]},{"ligne":[{"col":"1","container":"full","display_on":"any","background":"white","alignment":true,"blocs":[{"acf_fc_layout":"project-custom-titre-seul","title":"Eventi","background_text":"Alle vostre agende"}]}]},{"ligne":[{"col":"2","container":"normal","display_on":"any","background":"white","alignment":true,"blocs":[{"acf_fc_layout":"project-custom-texte","texte":"<h1 style=\"text-align: center;\">Expo Rose 2026<\/h1>\n<p style=\"text-align: center;\">ExpoRose, l&#8217;evento emblematico di Grasse, torna dall&#8217;8 al 10 maggio 2026<\/p>\n<p style=\"text-align: center;\">Pi\u00f9 di 25.000 rose, creazioni floreali e percorsi artistici<\/p>\n<p style=\"text-align: center;\">Per un fine settimana incantato nel cuore della citt\u00e0 dei profumi.<\/p>\n<p style=\"text-align: center;\"><a class=\"btn btn-2\" href=\"https:\/\/www.paysdegrassetourisme.fr\/reserver-votre-activite\/expo-rose-2026\/\" target=\"_blank\" rel=\"noopener\">PREVENDITA<\/a><\/p>\n"},{"acf_fc_layout":"project-custom-image","image":14984,"nocrop":true}]}]},{"ligne":[{"col":"1","container":"normal","display_on":"any","background":"white","alignment":true,"blocs":[{"acf_fc_layout":"project-custom-apidae-agenda","title":"Eventi, mostre, mercati, uscite, laboratori..."}]}]},{"ligne":[{"col":"2","container":"normal","display_on":"here","background":"white","alignment":true,"blocs":[{"acf_fc_layout":"project-custom-image","image":14769,"nocrop":true},{"acf_fc_layout":"project-custom-texte","texte":"<h1 style=\"text-align: center;\">Novit\u00e0!<\/h1>\n<p style=\"text-align: center;\">Viaggiate con la mente leggera!<\/p>\n<p style=\"text-align: center;\">Ora vi offriamo un servizio di deposito bagagli!<\/p>\n<p style=\"text-align: center;\">Questo servizio \u00e8 disponibile solo su prenotazione cliccando sul pulsante qui sotto.<\/p>\n<p style=\"text-align: center;\"><a class=\"btn btn-2\" href=\"https:\/\/bounce.com\/s\/location\/ecef7f3d-e40f-4bcf-af63-4b9eb44b5be8\/instant-book?ref=OFFICEDE871833805690&amp;utm_campaign=walk_in&amp;utm_medium=partner_portal&amp;utm_source=store_sign\" target=\"_blank\" rel=\"noopener\">DEPOSITARE I MIEI BAGAGLI<\/a><\/p>\n"}]}]}],"is_socialwall_active":true,"sous-header_avec_carte":{"sur_title":"Entre fragrances envo\u00fbtantes, h\u00e9ritage m\u00e9diterran\u00e9en et activit\u00e9s 100% nature\u2026","titre_principal_de_la_page":null,"sub_title_text":"<p>Le Pays de Grasse, berceau de la <strong>Ville des Parfums,<\/strong> charme par son cadre de vie pr\u00e9serv\u00e9, son <strong>patrimoine culturel et naturel remarquable.<\/strong> Une exp\u00e9rience \u00e0 vivre !<\/p>\n<p><a class=\"btn btn-1\" href=\"https:\/\/www.paysdegrassetourisme.fr\/carte-interactive\/\">Carte interactive<\/a><\/p>\n"},"backoffice_post_title":"Pagina iniziale","hide_h1":false,"media":[{"ID":29,"id":29,"title":"Grasse_WS","filename":"Grasse_WS.mp4","filesize":14835467,"url":"https:\/\/www.paysdegrassetourisme.fr\/wp-content\/uploads\/2024\/05\/Grasse_WS.mp4","link":"https:\/\/www.paysdegrassetourisme.fr\/it\/grasse_ws-2\/","alt":"","author":"1","description":"","caption":"","name":"grasse_ws-2","status":"inherit","uploaded_to":0,"date":"2024-05-17 10:56:36","modified":"2024-05-17 10:56:36","menu_order":0,"mime_type":"video\/mp4","type":"video","subtype":"mp4","icon":"https:\/\/www.paysdegrassetourisme.fr\/wp-includes\/images\/media\/video.png","width":1920,"height":1080}]},"yoast_head":"<!-- This site is optimized with the Yoast SEO plugin v27.1.1 - https:\/\/yoast.com\/product\/yoast-seo-wordpress\/ -->\n<title>Pays de Grasse Tourisme<\/title>\n<meta name=\"description\" content=\"L&#039;Ufficio del Turismo del Pays de Grasse vi invita a vivere una vacanza e un soggiorno ricco di emozioni, tra profumi emblematici, villaggi di carattere, natura preservata e patrimonio eccezionale, per un&#039;esperienza indimenticabile sulla Costa Azzurra.\" \/>\n<meta name=\"robots\" content=\"index, follow, max-snippet:-1, max-image-preview:large, max-video-preview:-1\" \/>\n<link rel=\"canonical\" href=\"https:\/\/www.paysdegrassetourisme.fr\/it\/\" \/>\n<meta property=\"og:locale\" content=\"it_IT\" \/>\n<meta property=\"og:type\" content=\"article\" \/>\n<meta property=\"og:title\" content=\"Pays de Grasse Tourisme\" \/>\n<meta property=\"og:description\" content=\"L&#039;Ufficio del Turismo del Pays de Grasse vi invita a vivere una vacanza e un soggiorno ricco di emozioni, tra profumi emblematici, villaggi di carattere, natura preservata e patrimonio eccezionale, per un&#039;esperienza indimenticabile sulla Costa Azzurra.\" \/>\n<meta property=\"og:url\" content=\"https:\/\/www.paysdegrassetourisme.fr\/it\/\" \/>\n<meta property=\"og:site_name\" content=\"Pays de Grasse Tourisme\" \/>\n<meta property=\"article:modified_time\" content=\"2026-01-13T09:30:27+00:00\" \/>\n<meta property=\"og:image\" content=\"https:\/\/www.paysdegrassetourisme.fr\/wp-content\/uploads\/2024\/10\/BEN05090-\u00a9CAPG-scaled.jpg\" \/>\n\t<meta property=\"og:image:width\" content=\"1707\" \/>\n\t<meta property=\"og:image:height\" content=\"2560\" \/>\n\t<meta property=\"og:image:type\" content=\"image\/jpeg\" \/>\n<meta name=\"twitter:card\" content=\"summary_large_image\" \/>\n<meta name=\"twitter:label1\" content=\"Tempo di lettura stimato\" \/>\n\t<meta name=\"twitter:data1\" content=\"1 minuto\" \/>\n<script type=\"application\/ld+json\" class=\"yoast-schema-graph\">{\"@context\":\"https:\/\/schema.org\",\"@graph\":[{\"@type\":\"WebPage\",\"@id\":\"https:\/\/www.paysdegrassetourisme.fr\/it\/\",\"url\":\"https:\/\/www.paysdegrassetourisme.fr\/it\/\",\"name\":\"Pays de Grasse Tourisme\",\"isPartOf\":{\"@id\":\"https:\/\/paysdegrassetourisme.fr\/#website\"},\"primaryImageOfPage\":{\"@id\":\"https:\/\/www.paysdegrassetourisme.fr\/it\/#primaryimage\"},\"image\":{\"@id\":\"https:\/\/www.paysdegrassetourisme.fr\/it\/#primaryimage\"},\"thumbnailUrl\":\"https:\/\/www.paysdegrassetourisme.fr\/wp-content\/uploads\/2024\/10\/BEN05090-\u00a9CAPG-scaled.jpg\",\"datePublished\":\"2024-05-17T12:47:03+00:00\",\"dateModified\":\"2026-01-13T09:30:27+00:00\",\"description\":\"L'Ufficio del Turismo del Pays de Grasse vi invita a vivere una vacanza e un soggiorno ricco di emozioni, tra profumi emblematici, villaggi di carattere, natura preservata e patrimonio eccezionale, per un'esperienza indimenticabile sulla Costa Azzurra.\",\"inLanguage\":\"it-IT\",\"potentialAction\":[{\"@type\":\"ReadAction\",\"target\":[\"https:\/\/www.paysdegrassetourisme.fr\/it\/\"]}]},{\"@type\":\"ImageObject\",\"inLanguage\":\"it-IT\",\"@id\":\"https:\/\/www.paysdegrassetourisme.fr\/it\/#primaryimage\",\"url\":\"https:\/\/www.paysdegrassetourisme.fr\/wp-content\/uploads\/2024\/10\/BEN05090-\u00a9CAPG-scaled.jpg\",\"contentUrl\":\"https:\/\/www.paysdegrassetourisme.fr\/wp-content\/uploads\/2024\/10\/BEN05090-\u00a9CAPG-scaled.jpg\",\"width\":1707,\"height\":2560,\"caption\":\"\u00a9Christian Benoit\"},{\"@type\":\"WebSite\",\"@id\":\"https:\/\/paysdegrassetourisme.fr\/#website\",\"url\":\"https:\/\/paysdegrassetourisme.fr\/\",\"name\":\"Pays de Grasse Tourisme\",\"description\":\"\",\"publisher\":{\"@id\":\"https:\/\/paysdegrassetourisme.fr\/#organization\"},\"potentialAction\":[{\"@type\":\"SearchAction\",\"target\":{\"@type\":\"EntryPoint\",\"urlTemplate\":\"https:\/\/paysdegrassetourisme.fr\/?s={search_term_string}\"},\"query-input\":{\"@type\":\"PropertyValueSpecification\",\"valueRequired\":true,\"valueName\":\"search_term_string\"}}],\"inLanguage\":\"it-IT\"},{\"@type\":\"Organization\",\"@id\":\"https:\/\/paysdegrassetourisme.fr\/#organization\",\"name\":\"Pays de Grasse Tourisme\",\"url\":\"https:\/\/paysdegrassetourisme.fr\/\",\"logo\":{\"@type\":\"ImageObject\",\"inLanguage\":\"it-IT\",\"@id\":\"https:\/\/paysdegrassetourisme.fr\/#\/schema\/logo\/image\/\",\"url\":\"https:\/\/www.paysdegrassetourisme.fr\/wp-content\/uploads\/2024\/05\/favicon.png\",\"contentUrl\":\"https:\/\/www.paysdegrassetourisme.fr\/wp-content\/uploads\/2024\/05\/favicon.png\",\"width\":512,\"height\":512,\"caption\":\"Pays de Grasse Tourisme\"},\"image\":{\"@id\":\"https:\/\/paysdegrassetourisme.fr\/#\/schema\/logo\/image\/\"}}]}<\/script>\n<!-- \/ Yoast SEO plugin. -->","yoast_head_json":{"title":"Pays de Grasse Tourisme","description":"L'Ufficio del Turismo del Pays de Grasse vi invita a vivere una vacanza e un soggiorno ricco di emozioni, tra profumi emblematici, villaggi di carattere, natura preservata e patrimonio eccezionale, per un'esperienza indimenticabile sulla Costa Azzurra.","robots":{"index":"index","follow":"follow","max-snippet":"max-snippet:-1","max-image-preview":"max-image-preview:large","max-video-preview":"max-video-preview:-1"},"canonical":"https:\/\/www.paysdegrassetourisme.fr\/it\/","og_locale":"it_IT","og_type":"article","og_title":"Pays de Grasse Tourisme","og_description":"L'Ufficio del Turismo del Pays de Grasse vi invita a vivere una vacanza e un soggiorno ricco di emozioni, tra profumi emblematici, villaggi di carattere, natura preservata e patrimonio eccezionale, per un'esperienza indimenticabile sulla Costa Azzurra.","og_url":"https:\/\/www.paysdegrassetourisme.fr\/it\/","og_site_name":"Pays de Grasse Tourisme","article_modified_time":"2026-01-13T09:30:27+00:00","og_image":[{"width":1707,"height":2560,"url":"https:\/\/www.paysdegrassetourisme.fr\/wp-content\/uploads\/2024\/10\/BEN05090-\u00a9CAPG-scaled.jpg","type":"image\/jpeg"}],"twitter_card":"summary_large_image","twitter_misc":{"Tempo di lettura stimato":"1 minuto"},"schema":{"@context":"https:\/\/schema.org","@graph":[{"@type":"WebPage","@id":"https:\/\/www.paysdegrassetourisme.fr\/it\/","url":"https:\/\/www.paysdegrassetourisme.fr\/it\/","name":"Pays de Grasse Tourisme","isPartOf":{"@id":"https:\/\/paysdegrassetourisme.fr\/#website"},"primaryImageOfPage":{"@id":"https:\/\/www.paysdegrassetourisme.fr\/it\/#primaryimage"},"image":{"@id":"https:\/\/www.paysdegrassetourisme.fr\/it\/#primaryimage"},"thumbnailUrl":"https:\/\/www.paysdegrassetourisme.fr\/wp-content\/uploads\/2024\/10\/BEN05090-\u00a9CAPG-scaled.jpg","datePublished":"2024-05-17T12:47:03+00:00","dateModified":"2026-01-13T09:30:27+00:00","description":"L'Ufficio del Turismo del Pays de Grasse vi invita a vivere una vacanza e un soggiorno ricco di emozioni, tra profumi emblematici, villaggi di carattere, natura preservata e patrimonio eccezionale, per un'esperienza indimenticabile sulla Costa Azzurra.","inLanguage":"it-IT","potentialAction":[{"@type":"ReadAction","target":["https:\/\/www.paysdegrassetourisme.fr\/it\/"]}]},{"@type":"ImageObject","inLanguage":"it-IT","@id":"https:\/\/www.paysdegrassetourisme.fr\/it\/#primaryimage","url":"https:\/\/www.paysdegrassetourisme.fr\/wp-content\/uploads\/2024\/10\/BEN05090-\u00a9CAPG-scaled.jpg","contentUrl":"https:\/\/www.paysdegrassetourisme.fr\/wp-content\/uploads\/2024\/10\/BEN05090-\u00a9CAPG-scaled.jpg","width":1707,"height":2560,"caption":"\u00a9Christian Benoit"},{"@type":"WebSite","@id":"https:\/\/paysdegrassetourisme.fr\/#website","url":"https:\/\/paysdegrassetourisme.fr\/","name":"Pays de Grasse Tourisme","description":"","publisher":{"@id":"https:\/\/paysdegrassetourisme.fr\/#organization"},"potentialAction":[{"@type":"SearchAction","target":{"@type":"EntryPoint","urlTemplate":"https:\/\/paysdegrassetourisme.fr\/?s={search_term_string}"},"query-input":{"@type":"PropertyValueSpecification","valueRequired":true,"valueName":"search_term_string"}}],"inLanguage":"it-IT"},{"@type":"Organization","@id":"https:\/\/paysdegrassetourisme.fr\/#organization","name":"Pays de Grasse Tourisme","url":"https:\/\/paysdegrassetourisme.fr\/","logo":{"@type":"ImageObject","inLanguage":"it-IT","@id":"https:\/\/paysdegrassetourisme.fr\/#\/schema\/logo\/image\/","url":"https:\/\/www.paysdegrassetourisme.fr\/wp-content\/uploads\/2024\/05\/favicon.png","contentUrl":"https:\/\/www.paysdegrassetourisme.fr\/wp-content\/uploads\/2024\/05\/favicon.png","width":512,"height":512,"caption":"Pays de Grasse Tourisme"},"image":{"@id":"https:\/\/paysdegrassetourisme.fr\/#\/schema\/logo\/image\/"}}]}},"_links":{"self":[{"href":"https:\/\/www.paysdegrassetourisme.fr\/it\/wp-json\/wp\/v2\/pages\/2195","targetHints":{"allow":["GET"]}}],"collection":[{"href":"https:\/\/www.paysdegrassetourisme.fr\/it\/wp-json\/wp\/v2\/pages"}],"about":[{"href":"https:\/\/www.paysdegrassetourisme.fr\/it\/wp-json\/wp\/v2\/types\/page"}],"author":[{"embeddable":true,"href":"https:\/\/www.paysdegrassetourisme.fr\/it\/wp-json\/wp\/v2\/users\/1"}],"replies":[{"embeddable":true,"href":"https:\/\/www.paysdegrassetourisme.fr\/it\/wp-json\/wp\/v2\/comments?post=2195"}],"version-history":[{"count":17,"href":"https:\/\/www.paysdegrassetourisme.fr\/it\/wp-json\/wp\/v2\/pages\/2195\/revisions"}],"predecessor-version":[{"id":14992,"href":"https:\/\/www.paysdegrassetourisme.fr\/it\/wp-json\/wp\/v2\/pages\/2195\/revisions\/14992"}],"wp:featuredmedia":[{"embeddable":true,"href":"https:\/\/www.paysdegrassetourisme.fr\/it\/wp-json\/wp\/v2\/media\/7273"}],"wp:attachment":[{"href":"https:\/\/www.paysdegrassetourisme.fr\/it\/wp-json\/wp\/v2\/media?parent=2195"}],"curies":[{"name":"wp","href":"https:\/\/api.w.org\/{rel}","templated":true}]}}